{"id":18066,"date":"2024-01-06T12:21:06","date_gmt":"2024-01-06T15:21:06","guid":{"rendered":"https:\/\/mistersates-import.com.br\/loja\/?post_type=product&#038;p=18066"},"modified":"2024-03-15T18:27:54","modified_gmt":"2024-03-15T21:27:54","slug":"mini-carregador-sem-fio-multifuncoes-estacao-de-carregamento-rapido","status":"publish","type":"product","link":"https:\/\/mistersates-import.com.br\/loja\/product\/mini-carregador-sem-fio-multifuncoes-estacao-de-carregamento-rapido\/","title":{"rendered":"Mini carregador sem fio multifun\u00e7\u00f5es, esta\u00e7\u00e3o de carregamento r\u00e1pido"},"content":{"rendered":"<p>Descri\u00e7\u00e3o:<\/p>\n<p>Descri\u00e7\u00e3o da fun\u00e7\u00e3o: carregamento sem fio 15W R\u00e1pido, l\u00e2mpada atmosfera, l\u00e2mpada de cabeceira, efeito de luz deslumbrante, \u00e1udio Bluetooth, reprodu\u00e7\u00e3o de alto-falante e Aux , TF, Tempo, modo Despertador.<\/p>\n<p>Clique no bot\u00e3o &#8220;M&#8221; para alternar 9 modos de cor clara (cor s\u00f3lida, cavalo de duas cores correndo, cavalo de tr\u00eas cores correndo, cavalo de sete cores correndo).<\/p>\n<p>Fun\u00e7\u00e3o Bluetooth Speaker, entrada AUX e TF Card.<\/p>\n<p>Funciona para TODOS os telefones que suportam carregamento sem fio!!!<\/p>\n<p>Atualize para Mini Tamanho, Ent\u00e3o Por Favor note se este tamanho \u00e9 o que voc\u00ea precisa!!!<\/p>\n<p>Especifica\u00e7\u00f5es :<\/p>\n<p>Tens\u00e3o 1. Input: 12V\/2.5A<\/p>\n<p>Sa\u00edda sem fio: 5W-7.5W-10W-15W (m\u00e1ximo)<\/p>\n<p>Nome Bluetooth: G63<\/p>\n<p>Potencia de audio do Bluetooth: 5W<\/p>\n<p>Material: PC do ABS Cor do produto: branco\/preto<\/p>\n<p>Cor do produto: Branco<br \/>\nLighting: 9 modos ligth<\/p>\n<p>Vers\u00e3o Bluetooh: 5.0<\/p>\n<p>Dist\u00e2ncia Transmission: 5-10mm<\/p>\n<p>Efici\u00eancia Charging: 75%<\/p>\n<p>Trabalhando freq\u00fc\u00eancia: 50HZ-20KHZ<\/p>\n<p>Bot\u00e3o bateria capacidade:<\/p>\n<p>Peso neto: 250g (Atualize para Mini Size)<\/p>\n<p>Tamanho do produto: 15*15*5.5cm (Atualize para Mini Size)<\/p>\n<p>Itens Inclusos:<br \/>\n1x Carregador<br \/>\n1x Cabo USB<br \/>\n1x Tomada QC.3.0<\/p>\n","protected":false},"excerpt":{"rendered":"<p>Descri\u00e7\u00e3o: Descri\u00e7\u00e3o da fun\u00e7\u00e3o: carregamento sem fio 15W R\u00e1pido, l\u00e2mpada atmosfera, l\u00e2mpada de cabeceira, efeito de luz deslumbrante, \u00e1udio Bluetooth, reprodu\u00e7\u00e3o de alto-falante e Aux , TF, Tempo, modo Despertador. Clique no bot\u00e3o &#8220;M&#8221; para alternar 9 modos de cor &hellip; <a href=\"https:\/\/mistersates-import.com.br\/loja\/product\/mini-carregador-sem-fio-multifuncoes-estacao-de-carregamento-rapido\/\">Readmore<\/a><\/p>\n","protected":false},"featured_media":18067,"template":"","meta":{"_joinchat":[]},"_links":{"self":[{"href":"https:\/\/mistersates-import.com.br\/loja\/wp-json\/wp\/v2\/product\/18066"}],"collection":[{"href":"https:\/\/mistersates-import.com.br\/loja\/wp-json\/wp\/v2\/product"}],"about":[{"href":"https:\/\/mistersates-import.com.br\/loja\/wp-json\/wp\/v2\/types\/product"}],"wp:featuredmedia":[{"embeddable":true,"href":"https:\/\/mistersates-import.com.br\/loja\/wp-json\/wp\/v2\/media\/18067"}],"wp:attachment":[{"href":"https:\/\/mistersates-import.com.br\/loja\/wp-json\/wp\/v2\/media?parent=18066"}],"curies":[{"name":"wp","href":"https:\/\/api.w.org\/{rel}","templated":true}]}}