{"id":18075,"date":"2024-01-11T10:56:58","date_gmt":"2024-01-11T13:56:58","guid":{"rendered":"https:\/\/mistersates-import.com.br\/loja\/?post_type=product&#038;p=18075"},"modified":"2026-04-08T11:20:20","modified_gmt":"2026-04-08T14:20:20","slug":"adaptador-para-discos-furadeira-10mm-5pcs","status":"publish","type":"product","link":"https:\/\/mistersates-import.com.br\/loja\/product\/adaptador-para-discos-furadeira-10mm-5pcs\/","title":{"rendered":"Adaptador Para Discos Furadeira 10mm 5p\u00e7s"},"content":{"rendered":"<p>Caracter\u00edsticas:<\/p>\n<p>100% novo e de alta qualidade<\/p>\n<p>Mudar eixo pode ser montado em uma broca el\u00e9trica moagem, corte de telhas, madeira, metal polimento etc.<\/p>\n<p>Projeto da haste da forma do tri\u00e2ngulo que corta a broca mais apertada n\u00e3o f\u00e1cil agitar e deslizar a porca do di\u00e2metro 10mm.<\/p>\n<p>Ajuste para 10mm acima do mandril da broca e 16mm ou menos l\u00e2minas de corte do di\u00e2metro interno<\/p>\n<p>A haste \u00e9 adequada para 8mm acima do mandril.<\/p>\n<p>Especifica\u00e7\u00f5es:<\/p>\n<p>Material: Medalha<\/p>\n<p>Conectando o di\u00e2metro do eixo: 10mm<\/p>\n<p>Rod Forma: tri\u00e2ngulo<\/p>\n<p>Pacote inclu\u00eddo:<\/p>\n<p>10mm broca el\u00e9trica convers\u00e3o Angle Grinder Set<\/p>\n<p>1x Haste Mandril 10mm<br \/>\n2 x Porcas da Flange<br \/>\n2 x Chave<\/p>\n","protected":false},"excerpt":{"rendered":"<p>Caracter\u00edsticas: 100% novo e de alta qualidade Mudar eixo pode ser montado em uma broca el\u00e9trica moagem, corte de telhas, madeira, metal polimento etc. Projeto da haste da forma do tri\u00e2ngulo que corta a broca mais apertada n\u00e3o f\u00e1cil agitar &hellip; <a href=\"https:\/\/mistersates-import.com.br\/loja\/product\/adaptador-para-discos-furadeira-10mm-5pcs\/\">Readmore<\/a><\/p>\n","protected":false},"featured_media":18076,"template":"","meta":{"_joinchat":[]},"_links":{"self":[{"href":"https:\/\/mistersates-import.com.br\/loja\/wp-json\/wp\/v2\/product\/18075"}],"collection":[{"href":"https:\/\/mistersates-import.com.br\/loja\/wp-json\/wp\/v2\/product"}],"about":[{"href":"https:\/\/mistersates-import.com.br\/loja\/wp-json\/wp\/v2\/types\/product"}],"wp:featuredmedia":[{"embeddable":true,"href":"https:\/\/mistersates-import.com.br\/loja\/wp-json\/wp\/v2\/media\/18076"}],"wp:attachment":[{"href":"https:\/\/mistersates-import.com.br\/loja\/wp-json\/wp\/v2\/media?parent=18075"}],"curies":[{"name":"wp","href":"https:\/\/api.w.org\/{rel}","templated":true}]}}