{"id":18093,"date":"2024-01-11T11:18:38","date_gmt":"2024-01-11T14:18:38","guid":{"rendered":"https:\/\/mistersates-import.com.br\/loja\/?post_type=product&#038;p=18093"},"modified":"2024-10-27T09:00:12","modified_gmt":"2024-10-27T12:00:12","slug":"soquete-controle-remoto-e27-de-lampada-30w-com-bateria-luz","status":"publish","type":"product","link":"https:\/\/mistersates-import.com.br\/loja\/product\/soquete-controle-remoto-e27-de-lampada-30w-com-bateria-luz\/","title":{"rendered":"Soquete + Controle Remoto E27 De L\u00e2mpada 30w Com Bateria Luz"},"content":{"rendered":"<p>Informa\u00e7\u00f5es Gerais<\/p>\n<p>Caracter\u00edsticas<\/p>\n<p>Marca 100% novo!<\/p>\n<p>Controle remoto sem fio E27 base l\u00e2mpada soquete titular da l\u00e2mpada inteligente liga\/desliga kits para l\u00e2mpadas LED.<\/p>\n<p>&nbsp;<\/p>\n<p>Simples, r\u00e1pido, conveniente. Uma maneira f\u00e1cil de ligar e desligar as luzes de qualquer lugar da casa sempre que quiser. Simplifique sua vida controlando suas luzes com um controle remoto.<\/p>\n<p>20m\/65FT longa dist\u00e2ncia. O sinal forte funciona atrav\u00e9s das paredes e portas sem qualquer interfer\u00eancia.<\/p>\n<p>Todos os soquetes precisam ser conectados ao controle remoto antes do uso.<\/p>\n<p>Os bot\u00f5es controlar\u00e3o automaticamente os soquetes que foram emparelhados. Voc\u00ea pode alterar o pr\u00e9-emparelhamento e reconectar para atender \u00e0s suas necessidades. Muito flex\u00edvel!<\/p>\n<p>Voc\u00ea pode controlar o soquete individualmente ou controlar todos os soquetes de cada vez.Livremente personalizar o seu sistema remoto RF!<\/p>\n<p>Perfeito para idosos, mulheres gr\u00e1vidas e pessoas com mobilidade limitada ou dor nas costas; torne sua vida conveniente, mais segura e eficiente em termos energ\u00e9ticos.<\/p>\n<p>Especifica\u00e7\u00f5es<\/p>\n<p>Materiais: Chama-PC retardador, metal<\/p>\n<p>Tens\u00e3o: CA 180 ~ 250V, 50\/60Hz<\/p>\n<p>Tipo do soquete: Padr\u00e3o E27<\/p>\n<p>Max. Support Wattagem: CFL (luz economizadora de energia) ou LED padr\u00e3o=100W<\/p>\n<p>Luz incandescente=60W<\/p>\n<p>Dist\u00e2ncia de controle: 20m (at\u00e9 30m em espa\u00e7o aberto)<\/p>\n<p>Bateria de controle remoto: 12V 23A bateria alcalina (N\u00e3o inclu\u00eddo)<\/p>\n<p>Tamanho do suporte da l\u00e2mpada: Sobre 9.5x 6cm\/3.74&#215;2.36&#8243;<\/p>\n<p>Tamanho do controle remoto: Sobre 11&#215;4.3&#215;1.2cm\/4.33&#215;1.69&#215;0.47&#8243;<\/p>\n<p>Aten\u00e7\u00e3o<\/p>\n<p>Permita por favor desvios min\u00fasculos do tamanho devido \u00e0 medida humana.<\/p>\n<p>Voc\u00ea pode personalizar seu sistema remoto de acordo com suas necessidades. Se voc\u00ea tiver alguma d\u00favida, entre em contato conosco.<\/p>\n<p>Ao emparelhar uma l\u00e2mpada, desligue outras l\u00e2mpadas para evitar que todas as l\u00e2mpadas correspondam a um bot\u00e3o.<\/p>\n<p>&nbsp;<\/p>\n<p>Como usar-se:<\/p>\n<p>1. Par l\u00e2mpada soquete com bot\u00e3o remoto<\/p>\n<p>Desligue a luz, pressione e segure o bot\u00e3o &#8220;1&#8221;, em seguida, ligue a luz. Depois que a luz pisca uma vez, o bot\u00e3o &#8220;1&#8221; do controle remoto \u00e9 conectado com sucesso ao soquete de luz para controle remoto. Repita esta opera\u00e7\u00e3o para que outros suportes correspondam a outros bot\u00f5es num\u00e9ricos.<\/p>\n<p>2. Como limpar o emparelhamento<\/p>\n<p>Desligue a luz e ligue novamente, segure imediatamente o bot\u00e3o &#8220;2&#8221;, depois que a luz pisca uma vez, o emparelhamento \u00e9 limpo com sucesso.<\/p>\n<p>Modo da eletrifica\u00e7\u00e3o 3. Switch<\/p>\n<p>L\u00e2mpada OFF quando ligar: Desligue a luz e ligue-a, ent\u00e3o segure o bot\u00e3o &#8220;4&#8221; no controle remoto, solte-o depois que a luz pisca duas vezes, e o modo \u00e9 comutado com sucesso. (Neste momento, a l\u00e2mpada (ON\/OFF) \u00e9 controlada apenas pelo controle remoto)<\/p>\n<p>L\u00e2mpada LIGADA quando poder sobre: Desligue a luz e gire-a sobre, a seguir segure o bot\u00e3o \u201c3\u201d no controlo a dist\u00e2ncia, depois que a luz pisca uma vez, voc\u00ea pode voltar para o modo original.<\/p>\n<p>Pacote inclu\u00eddo<\/p>\n<p>1 x controle remoto<\/p>\n<p>Ou 1 x l\u00e2mpada soquete titular<\/p>\n<p>Ou Controle Remoto &amp; L\u00e2mpada Socket Holder Set<\/p>\n","protected":false},"excerpt":{"rendered":"<p>Informa\u00e7\u00f5es Gerais Caracter\u00edsticas Marca 100% novo! Controle remoto sem fio E27 base l\u00e2mpada soquete titular da l\u00e2mpada inteligente liga\/desliga kits para l\u00e2mpadas LED. &nbsp; Simples, r\u00e1pido, conveniente. Uma maneira f\u00e1cil de ligar e desligar as luzes de qualquer lugar da &hellip; <a href=\"https:\/\/mistersates-import.com.br\/loja\/product\/soquete-controle-remoto-e27-de-lampada-30w-com-bateria-luz\/\">Readmore<\/a><\/p>\n","protected":false},"featured_media":18094,"template":"","meta":{"_joinchat":[]},"_links":{"self":[{"href":"https:\/\/mistersates-import.com.br\/loja\/wp-json\/wp\/v2\/product\/18093"}],"collection":[{"href":"https:\/\/mistersates-import.com.br\/loja\/wp-json\/wp\/v2\/product"}],"about":[{"href":"https:\/\/mistersates-import.com.br\/loja\/wp-json\/wp\/v2\/types\/product"}],"wp:featuredmedia":[{"embeddable":true,"href":"https:\/\/mistersates-import.com.br\/loja\/wp-json\/wp\/v2\/media\/18094"}],"wp:attachment":[{"href":"https:\/\/mistersates-import.com.br\/loja\/wp-json\/wp\/v2\/media?parent=18093"}],"curies":[{"name":"wp","href":"https:\/\/api.w.org\/{rel}","templated":true}]}}