{"id":18111,"date":"2024-01-11T11:26:50","date_gmt":"2024-01-11T14:26:50","guid":{"rendered":"https:\/\/mistersates-import.com.br\/loja\/?post_type=product&#038;p=18111"},"modified":"2024-11-01T22:22:43","modified_gmt":"2024-11-02T01:22:43","slug":"tomada-wifi-plug-inteligente-20a-alexa-google-tuya-smart","status":"publish","type":"product","link":"https:\/\/mistersates-import.com.br\/loja\/product\/tomada-wifi-plug-inteligente-20a-alexa-google-tuya-smart\/","title":{"rendered":"Tomada WiFi Plug Inteligente, 20A Alexa, Google, Tuya, Smart"},"content":{"rendered":"<p>Tomada WiFi Plug Inteligente, 20A Alexa, Google, Tuya, Smart<\/p>\n<p>SOMENTE NA COR PRETA<\/p>\n<p>Descri\u00e7\u00e3o:<\/p>\n<p>Informa\u00e7\u00f5es Gerais<\/p>\n<p>Conectividade WiFi:Conecta-se \u00e0 sua rede Wi-Fi dom\u00e9stica, permitindo que voc\u00ea controle suas tomadas el\u00e9tricas remotamente atrav\u00e9s do aplicativo Smart Life.<\/p>\n<p>Compatibilidade Voice Control:Funciona com o Google Home e o Alexa, permitindo que voc\u00ea controle suas tomadas el\u00e9tricas com sua voz.<\/p>\n<p>Alta pot\u00eancia:Com uma corrente de sa\u00edda de 16A, este plugue inteligente pode lidar com dispositivos de alta pot\u00eancia como condicionadores de ar e aquecedores.<\/p>\n<p>Montagem pronta para uso:Vem pronto para uso, para que voc\u00ea possa come\u00e7ar a us\u00e1-lo imediatamente sem qualquer configura\u00e7\u00e3o ou instala\u00e7\u00e3o complicada.<\/p>\n<p>Conectividade WiFi:Conecta-se \u00e0 sua rede Wi-Fi dom\u00e9stica, permitindo que voc\u00ea controle suas tomadas el\u00e9tricas remotamente usando seu smartphone.<\/p>\n<p>Compatibilidade Voice Control:Funciona com o Google Home e o Alexa, permitindo que voc\u00ea controle suas tomadas el\u00e9tricas com sua voz.<\/p>\n<p>Alta capacidade do poder:Pode lidar com at\u00e9 20A de pot\u00eancia, tornando-o adequado para uso com uma ampla gama de dispositivos el\u00e9tricos.<\/p>\n<p>Smart Life App:O aplicativo Smart Life permite que voc\u00ea controle suas tomadas el\u00e9tricas de qualquer lugar, a qualquer momento.<\/p>\n<p>Caracter\u00edsticas:<\/p>\n<p>1 Controle remoto no APP Pegue seu celular e controle remotamente facilmente quase todos os seus eletrodom\u00e9sticos a qualquer hora, em qualquer lugar.<br \/>\n2 Tempo inteligente Incluindo ajuste do tempo, tempo do ciclo e atraso, tempo de gerenciamento cient\u00edfico, qualidade de vida \u00e9 garantida.<br \/>\n3 Voice Control Perfeitamente apoiar Amazon Alexa,Google Home etc. Apenas um simples comandante para o seu alto-falante inteligente, e todos os dispositivos inteligentes sob controle.<\/p>\n<p>4 Monitoramento Energia P\u00f3<\/p>\n<p>NOTA:<\/p>\n<p>1. A pot\u00eancia de uso deve ser menor ou igual \u00e0 capacidade de carga m\u00e1xima do dispositivo.<br \/>\n2. A medi\u00e7\u00e3o manual das dimens\u00f5es do produto pode resultar em certos erros.<br \/>\n3. O equipamento n\u00e3o \u00e9 imperme\u00e1vel e pode somente ser usado dentro.<\/p>\n","protected":false},"excerpt":{"rendered":"<p>Tomada WiFi Plug Inteligente, 20A Alexa, Google, Tuya, Smart SOMENTE NA COR PRETA Descri\u00e7\u00e3o: Informa\u00e7\u00f5es Gerais Conectividade WiFi:Conecta-se \u00e0 sua rede Wi-Fi dom\u00e9stica, permitindo que voc\u00ea controle suas tomadas el\u00e9tricas remotamente atrav\u00e9s do aplicativo Smart Life. Compatibilidade Voice Control:Funciona com &hellip; <a href=\"https:\/\/mistersates-import.com.br\/loja\/product\/tomada-wifi-plug-inteligente-20a-alexa-google-tuya-smart\/\">Readmore<\/a><\/p>\n","protected":false},"featured_media":18112,"template":"","meta":{"_joinchat":[]},"_links":{"self":[{"href":"https:\/\/mistersates-import.com.br\/loja\/wp-json\/wp\/v2\/product\/18111"}],"collection":[{"href":"https:\/\/mistersates-import.com.br\/loja\/wp-json\/wp\/v2\/product"}],"about":[{"href":"https:\/\/mistersates-import.com.br\/loja\/wp-json\/wp\/v2\/types\/product"}],"wp:featuredmedia":[{"embeddable":true,"href":"https:\/\/mistersates-import.com.br\/loja\/wp-json\/wp\/v2\/media\/18112"}],"wp:attachment":[{"href":"https:\/\/mistersates-import.com.br\/loja\/wp-json\/wp\/v2\/media?parent=18111"}],"curies":[{"name":"wp","href":"https:\/\/api.w.org\/{rel}","templated":true}]}}