{"id":18116,"date":"2024-01-11T12:10:48","date_gmt":"2024-01-11T15:10:48","guid":{"rendered":"https:\/\/mistersates-import.com.br\/loja\/?post_type=product&#038;p=18116"},"modified":"2025-02-19T14:40:48","modified_gmt":"2025-02-19T17:40:48","slug":"cabo-adaptador-conversor-usb-3-0-sata-hdd-de-35-40cm-com-fonte","status":"publish","type":"product","link":"https:\/\/mistersates-import.com.br\/loja\/product\/cabo-adaptador-conversor-usb-3-0-sata-hdd-de-35-40cm-com-fonte\/","title":{"rendered":"Cabo Adaptador\/Conversor USB 3 0 SATA HDD de 3,5 40cm com fonte"},"content":{"rendered":"<p>DESCRI\u00c7\u00c3O:<\/p>\n<p>Usb port\u00e1til 3.0 para sata converter cabo de transmiss\u00e3o r\u00e1pida suporte 2.5\/3.5 polegada externo ssd hdd adaptador de disco r\u00edgido<\/p>\n<p>Descri\u00e7\u00e3o:<\/p>\n<p>Usb 3.0 ao cabo de transfer\u00eancia sata, adota a transmiss\u00e3o de alta velocidade do usb 3.0 e \u00e9 compat\u00edvel com a rela\u00e7\u00e3o 2.0.<br \/>\nPode acessar diretamente o disco r\u00edgido do caderno de 2.5 \/ 3.5 polegadas da rela\u00e7\u00e3o sata, fazer o disco r\u00edgido tornar-se um disco r\u00edgido m\u00f3vel de alta velocidade usb 3.0.<\/p>\n<p>Normalmente, o aplicativo s\u00f3 pode se conectar \u00e0 interface usb 3.0. Se alguns discos r\u00edgidos de alta pot\u00eancia n\u00e3o funcionam, conecte-se por favor a uma linha de alimenta\u00e7\u00e3o independente para trabalhar. A transmiss\u00e3o de dados \u00e9 mais conveniente.<\/p>\n<p>Especifica\u00e7\u00e3o:<\/p>\n<p>Taxa de transmiss\u00e3o do apoio: sobre a velocidade (5 gbps)\/de alta velocidade (480 mbps)\/velocidade total (12 mbps) usb3.0. A velocidade de leitura da rela\u00e7\u00e3o de usb 3.0 pode alcan\u00e7ar 150 mb\/s, que \u00e9 mais de 5 vezes de usb2.0.<br \/>\nAo mesmo tempo, \u00e9 compat\u00edvel com interface usb 2.0 computador. Mesmo se o seu computador n\u00e3o \u00e9 usb 3.0 por enquanto, ele pode ser usado normalmente. Pode-se dizer que nunca ficar\u00e1 fora de uso. Ele vai se preparar para o seu futuro computador usb 3.0.<br \/>\nDe acordo com a revis\u00e3o 2.0 da especifica\u00e7\u00e3o geral de barramento serial.<br \/>\nApoie a taxa de transmiss\u00e3o de sata: sata iii (5 gbps), sata ii (3 gbps) e sata i (1.5 gbps).<br \/>\nCompatibilidade: para win 98\/me\/2000\/xp\/vista\/win7\/mac os 9.x\/ 10.x\/linux<br \/>\nSuporte de disco r\u00edgido de 3.5 polegadas (built-in 12v 2a fonte de alimenta\u00e7\u00e3o)<br \/>\nPoder tamanho: 5.5&#215;2.5mm<br \/>\nMaterial do fio: fio de Cobre<br \/>\nPlug: com plugue da UE BR<\/p>\n<p>Principais caracter\u00edsticas:<\/p>\n<p>* O USB 3.0 para SATA Hard Drive Converter permite que voc\u00ea conecte qualquer driver r\u00edgido SATA padr\u00e3o de 2,5 polegadas e 3,5 polegadas ao seu computador via porta USB 3.0 a uma velocidade de at\u00e9 5Gbps.<br \/>\n* Suporta SO: Windows 98\/ 2000\/ XP\/ Vista\/ Windows 7\/ Mac OS 9.X\/ 10.X\/ Linux<br \/>\n* Plug and Play,Hot Swapping<br \/>\n* \u00c9 ideal para voc\u00ea fazer backup de arquivos ou atualizar seu driver r\u00edgido notebook.<br \/>\n* Com interface de alimenta\u00e7\u00e3o 12V, pode conectar 3,5 polegadas de alta pot\u00eancia.<\/p>\n<p>Observado:<\/p>\n<p>Este item precisa de um adaptador de alimenta\u00e7\u00e3o 12V 2A AC\/DC quando usado para 3, 5 polegadas HDD<\/p>\n<p>Especifica\u00e7\u00f5es:<\/p>\n<p>Suporte a velocidade de at\u00e9 5Gbps<br \/>\nRetrocompat\u00edvel com USB 2.0\/1.1<br \/>\nSuporta todos os 2,5 polegadas ou 3,5 polegadas<br \/>\nHDD\/SDD SATA<br \/>\nCor: preto<br \/>\nComprimento do cabo: 40cm\/15,75 polegadas<\/p>\n","protected":false},"excerpt":{"rendered":"<p>DESCRI\u00c7\u00c3O: Usb port\u00e1til 3.0 para sata converter cabo de transmiss\u00e3o r\u00e1pida suporte 2.5\/3.5 polegada externo ssd hdd adaptador de disco r\u00edgido Descri\u00e7\u00e3o: Usb 3.0 ao cabo de transfer\u00eancia sata, adota a transmiss\u00e3o de alta velocidade do usb 3.0 e \u00e9 &hellip; <a href=\"https:\/\/mistersates-import.com.br\/loja\/product\/cabo-adaptador-conversor-usb-3-0-sata-hdd-de-35-40cm-com-fonte\/\">Readmore<\/a><\/p>\n","protected":false},"featured_media":18117,"template":"","meta":{"_joinchat":[]},"_links":{"self":[{"href":"https:\/\/mistersates-import.com.br\/loja\/wp-json\/wp\/v2\/product\/18116"}],"collection":[{"href":"https:\/\/mistersates-import.com.br\/loja\/wp-json\/wp\/v2\/product"}],"about":[{"href":"https:\/\/mistersates-import.com.br\/loja\/wp-json\/wp\/v2\/types\/product"}],"wp:featuredmedia":[{"embeddable":true,"href":"https:\/\/mistersates-import.com.br\/loja\/wp-json\/wp\/v2\/media\/18117"}],"wp:attachment":[{"href":"https:\/\/mistersates-import.com.br\/loja\/wp-json\/wp\/v2\/media?parent=18116"}],"curies":[{"name":"wp","href":"https:\/\/api.w.org\/{rel}","templated":true}]}}