{"id":18130,"date":"2024-01-15T18:14:58","date_gmt":"2024-01-15T21:14:58","guid":{"rendered":"https:\/\/mistersates-import.com.br\/loja\/?post_type=product&#038;p=18130"},"modified":"2025-12-31T10:48:13","modified_gmt":"2025-12-31T13:48:13","slug":"kit-06-reparo-salva-caixinha-luz-4x2-conserto-aba-quebrada","status":"publish","type":"product","link":"https:\/\/mistersates-import.com.br\/loja\/product\/kit-06-reparo-salva-caixinha-luz-4x2-conserto-aba-quebrada\/","title":{"rendered":"Kit 06 Reparo Salva Caixinha Luz 4&#215;2 Conserto Aba Quebrada"},"content":{"rendered":"<p>Descri\u00e7\u00e3o:<\/p>\n<p>Informa\u00e7\u00f5es Gerais<\/p>\n<p>Descri\u00e7\u00e3o Caracter\u00edstica:<\/p>\n<p>1. Instala\u00e7\u00e3o r\u00e1pida e simples, projetada para aqueles que n\u00e3o s\u00e3o bons em opera\u00e7\u00e3o manual, economizando o custo de chamar um eletricista.<br \/>\n2, um dispositivo com cuidado projetado do reparo da gaveta, a caixa que fixa o problema velho do furo foi resolvido.<br \/>\nAtualiza\u00e7\u00e3o 3. Solid, projeto principal da garra, aperto forte da gaveta velha, para evitar a frouxid\u00e3o mais atrasada.<br \/>\nAtualiza\u00e7\u00e3o 4. Safety: O processo de pulveriza\u00e7\u00e3o da isola\u00e7\u00e3o \u00e9 adotado para que o corpo principal reduza o risco trazido pela condu\u00e7\u00e3o el\u00e9trica.<br \/>\n5. Aplic\u00e1vel a qualquer caixa inferior do interruptor do tipo 86\/118 em casa, para reduzir o problema de acess\u00f3rios inconsistentes.<br \/>\n6. Declara\u00e7\u00e3o: a medida \u00e9 manual, h\u00e1 inevitavelmente um pequeno erro, n\u00e3o afeta o uso. N\u00e3o seja um perfeccionista.<\/p>\n<p>Especifica\u00e7\u00f5es:<\/p>\n<p>Material: pulverizador eletrost\u00e1tico, recusa conduzir a eletricidade<br \/>\nModelo: uma nova gera\u00e7\u00e3o de ferramentas do reparo da cassete<br \/>\nModelo aplic\u00e1vel: modelo 118<br \/>\nPeso: 0,05 kG<\/p>\n<p>O pacote inclui: caixa 6PCS montagem<\/p>\n<p>Nota:<\/p>\n<p>1. Please permitir 1-3cm erro devido \u00e0 medi\u00e7\u00e3o manual.<br \/>\n2. As cores podem ser diferentes para a exibi\u00e7\u00e3o diferente, por favor, entenda.<\/p>\n","protected":false},"excerpt":{"rendered":"<p>Descri\u00e7\u00e3o: Informa\u00e7\u00f5es Gerais Descri\u00e7\u00e3o Caracter\u00edstica: 1. Instala\u00e7\u00e3o r\u00e1pida e simples, projetada para aqueles que n\u00e3o s\u00e3o bons em opera\u00e7\u00e3o manual, economizando o custo de chamar um eletricista. 2, um dispositivo com cuidado projetado do reparo da gaveta, a caixa que &hellip; <a href=\"https:\/\/mistersates-import.com.br\/loja\/product\/kit-06-reparo-salva-caixinha-luz-4x2-conserto-aba-quebrada\/\">Readmore<\/a><\/p>\n","protected":false},"featured_media":18136,"template":"","meta":{"_joinchat":[]},"_links":{"self":[{"href":"https:\/\/mistersates-import.com.br\/loja\/wp-json\/wp\/v2\/product\/18130"}],"collection":[{"href":"https:\/\/mistersates-import.com.br\/loja\/wp-json\/wp\/v2\/product"}],"about":[{"href":"https:\/\/mistersates-import.com.br\/loja\/wp-json\/wp\/v2\/types\/product"}],"wp:featuredmedia":[{"embeddable":true,"href":"https:\/\/mistersates-import.com.br\/loja\/wp-json\/wp\/v2\/media\/18136"}],"wp:attachment":[{"href":"https:\/\/mistersates-import.com.br\/loja\/wp-json\/wp\/v2\/media?parent=18130"}],"curies":[{"name":"wp","href":"https:\/\/api.w.org\/{rel}","templated":true}]}}