{"id":18140,"date":"2024-01-16T11:06:36","date_gmt":"2024-01-16T14:06:36","guid":{"rendered":"https:\/\/mistersates-import.com.br\/loja\/?post_type=product&#038;p=18140"},"modified":"2025-01-07T15:01:09","modified_gmt":"2025-01-07T18:01:09","slug":"cabo-de-carregamento-silicone-liquido-usb-tipo-c-super-rapido-120w","status":"publish","type":"product","link":"https:\/\/mistersates-import.com.br\/loja\/product\/cabo-de-carregamento-silicone-liquido-usb-tipo-c-super-rapido-120w\/","title":{"rendered":"Cabo de Carregamento Silicone l\u00edquido USB Tipo C Super R\u00e1pido 120W"},"content":{"rendered":"<p>Informa\u00e7\u00f5es Gerais:<\/p>\n<p>Silicone l\u00edquido USB Super R\u00e1pido Cabo de Carregamento, 120W<\/p>\n<p>Para TIPO C<\/p>\n<p>Modelos de cabos, USB TIPO C<\/p>\n<p>1. Cabo ( USB TIPO C ): 120W m\u00e1ximo 3A COM ILUMINA\u00c7\u00c3O<\/p>\n<p>2. TAMANHO 2 MTS<\/p>\n<p>Par\u00e2metros do produto<\/p>\n<p>1. Nome do produto: cabo de carregamento USB TIPO C.<\/p>\n<p>2. Comprimento: 2m<\/p>\n<p>3. Cor: Laranja<\/p>\n<p>4. Material: silicone l\u00edquido (MUITO RESISTENTE)<\/p>\n<p>5. Fun\u00e7\u00e3o: Carregamento SUPER RAPIDO<\/p>\n<p>6. Interface: TIPO C<\/p>\n<p>Observe por favor:<\/p>\n<p>120W carregamento r\u00e1pido = 120W carregamento cabo + 120W carregamento poder adaptador + 120W telem\u00f3vel (por favor confirme se o seu telefone suporte 120w carga r\u00e1pida)<\/p>\n<p>Os cabos tamb\u00e9m suportam 100w, 66w, 50W, 40w carregamento r\u00e1pido.<\/p>\n<p>&nbsp;<\/p>\n","protected":false},"excerpt":{"rendered":"<p>Informa\u00e7\u00f5es Gerais: Silicone l\u00edquido USB Super R\u00e1pido Cabo de Carregamento, 120W Para TIPO C Modelos de cabos, USB TIPO C 1. Cabo ( USB TIPO C ): 120W m\u00e1ximo 3A COM ILUMINA\u00c7\u00c3O 2. TAMANHO 2 MTS Par\u00e2metros do produto 1. &hellip; <a href=\"https:\/\/mistersates-import.com.br\/loja\/product\/cabo-de-carregamento-silicone-liquido-usb-tipo-c-super-rapido-120w\/\">Readmore<\/a><\/p>\n","protected":false},"featured_media":18141,"template":"","meta":{"_joinchat":[]},"_links":{"self":[{"href":"https:\/\/mistersates-import.com.br\/loja\/wp-json\/wp\/v2\/product\/18140"}],"collection":[{"href":"https:\/\/mistersates-import.com.br\/loja\/wp-json\/wp\/v2\/product"}],"about":[{"href":"https:\/\/mistersates-import.com.br\/loja\/wp-json\/wp\/v2\/types\/product"}],"wp:featuredmedia":[{"embeddable":true,"href":"https:\/\/mistersates-import.com.br\/loja\/wp-json\/wp\/v2\/media\/18141"}],"wp:attachment":[{"href":"https:\/\/mistersates-import.com.br\/loja\/wp-json\/wp\/v2\/media?parent=18140"}],"curies":[{"name":"wp","href":"https:\/\/api.w.org\/{rel}","templated":true}]}}