{"id":18178,"date":"2024-01-26T17:07:48","date_gmt":"2024-01-26T20:07:48","guid":{"rendered":"https:\/\/mistersates-import.com.br\/loja\/?post_type=product&#038;p=18178"},"modified":"2025-09-11T21:47:39","modified_gmt":"2025-09-12T00:47:39","slug":"kit-escareador-aco-rapido-5-cortes-amana-tool-3-pecas","status":"publish","type":"product","link":"https:\/\/mistersates-import.com.br\/loja\/product\/kit-escareador-aco-rapido-5-cortes-amana-tool-3-pecas\/","title":{"rendered":"Kit Escareador A\u00e7o R\u00e1pido 5 Cortes Amana Tool 3 Pe\u00e7as"},"content":{"rendered":"<p>Informa\u00e7\u00f5es Gerais<\/p>\n<p>Especifica\u00e7\u00f5es:<\/p>\n<p>Tipo: Hexagonal haste chanfrar ferramenta com seis bordas<br \/>\nDimens\u00e3o: di\u00e2metro exterior 12.7MM, erro negativo 0.3MM; Comprimento 36MM<br \/>\nDi\u00e2metro do punho: 1\/4 &#8220;6.35MM<br \/>\nMaterial: a\u00e7o carbono 45 # alto<br \/>\nTratamento superficial: jateamento<\/p>\n<p>Caracter\u00edsticas:<\/p>\n<p>1 &#8211; Muitas vezes \u00e9 usado para remover rebarbas de pe\u00e7as e abrir furos em pain\u00e9is de pl\u00e1stico de madeira, muitas vezes aparecendo em conjuntos de ferramentas de perfura\u00e7\u00e3o.<br \/>\n2 &#8211; Voc\u00ea pode fazer um buraco em muitas placas, como madeira ou pl\u00e1stico, para alinhar a unha com o tampo da mesa e n\u00e3o cuspir.<br \/>\n3 &#8211; Material de alta qualidade, seguro e confi\u00e1vel, pode ser usado com seguran\u00e7a por um longo tempo.<\/p>\n<p>Lista do pacote:<\/p>\n<p>3\/X Broca<\/p>\n","protected":false},"excerpt":{"rendered":"<p>Informa\u00e7\u00f5es Gerais Especifica\u00e7\u00f5es: Tipo: Hexagonal haste chanfrar ferramenta com seis bordas Dimens\u00e3o: di\u00e2metro exterior 12.7MM, erro negativo 0.3MM; Comprimento 36MM Di\u00e2metro do punho: 1\/4 &#8220;6.35MM Material: a\u00e7o carbono 45 # alto Tratamento superficial: jateamento Caracter\u00edsticas: 1 &#8211; Muitas vezes \u00e9 &hellip; <a href=\"https:\/\/mistersates-import.com.br\/loja\/product\/kit-escareador-aco-rapido-5-cortes-amana-tool-3-pecas\/\">Readmore<\/a><\/p>\n","protected":false},"featured_media":18179,"template":"","meta":{"_joinchat":[]},"_links":{"self":[{"href":"https:\/\/mistersates-import.com.br\/loja\/wp-json\/wp\/v2\/product\/18178"}],"collection":[{"href":"https:\/\/mistersates-import.com.br\/loja\/wp-json\/wp\/v2\/product"}],"about":[{"href":"https:\/\/mistersates-import.com.br\/loja\/wp-json\/wp\/v2\/types\/product"}],"wp:featuredmedia":[{"embeddable":true,"href":"https:\/\/mistersates-import.com.br\/loja\/wp-json\/wp\/v2\/media\/18179"}],"wp:attachment":[{"href":"https:\/\/mistersates-import.com.br\/loja\/wp-json\/wp\/v2\/media?parent=18178"}],"curies":[{"name":"wp","href":"https:\/\/api.w.org\/{rel}","templated":true}]}}