{"id":18201,"date":"2024-01-27T11:28:29","date_gmt":"2024-01-27T14:28:29","guid":{"rendered":"https:\/\/mistersates-import.com.br\/loja\/?post_type=product&#038;p=18201"},"modified":"2025-05-31T13:56:33","modified_gmt":"2025-05-31T16:56:33","slug":"massageador-portatil-recarregavel-dor-pescoco-coluna","status":"publish","type":"product","link":"https:\/\/mistersates-import.com.br\/loja\/product\/massageador-portatil-recarregavel-dor-pescoco-coluna\/","title":{"rendered":"Massageador Port\u00e1til Recarreg\u00e1vel Dor Pesco\u00e7o Coluna"},"content":{"rendered":"<p>Massageador Port\u00e1til Recarreg\u00e1vel EMS<\/p>\n<p>Apresentamos o massageador el\u00e9trico com pulsos de eletroestimula\u00e7\u00e3o, um equipamento que pode ser seu aliado na busca por uma vida mais saud\u00e1vel. Com ele, voc\u00ea poder\u00e1 aliviar dores cr\u00f4nicas e auxiliar na recupera\u00e7\u00e3o muscular ap\u00f3s atividades f\u00edsicas intensas. Al\u00e9m disso, seu uso regular pode ajudar na melhora do t\u00f4nus e firmeza da musculatura. Com design ergon\u00f4mico e f\u00e1cil de usar, este massageador el\u00e9trico \u00e9 a escolha ideal para quem busca conforto, praticidade e qualidade de vida. Adquira j\u00e1 o seu e experimente os benef\u00edcios que ele pode trazer para o seu dia a dia.<\/p>\n<p>O Massageador El\u00e9trico Port\u00e1til utiliza a tecnologia EMS (Eletroestimula\u00e7\u00e3o Muscular) e \u00e9 a solu\u00e7\u00e3o perfeita para quem busca conforto e al\u00edvio de dores musculares no final do dia. Com sua tecnologia de estimula\u00e7\u00e3o el\u00e9trica, ele atua na musculatura, promovendo uma sensa\u00e7\u00e3o de relaxamento e bem-estar. Al\u00e9m disso, ele ainda estimula a circula\u00e7\u00e3o e combate dores musculares, oferecendo 8 modalidades de estimula\u00e7\u00e3o e 19 intensidades diferentes para atender \u00e0s suas necessidades.<\/p>\n<p>Al\u00edvio Imediato da Dor: Um massageador TENS proporciona al\u00edvio r\u00e1pido e eficaz da dor muscular, nervosa ou articular.Estimula\u00e7\u00e3o El\u00e9trica Nervosa Transcut\u00e2nea (TENS): Esta tecnologia avan\u00e7ada utiliza impulsos el\u00e9tricos suaves para estimular os nervos e reduzir a percep\u00e7\u00e3o da dor.Portabilidade: Sendo port\u00e1til, o dispositivo pode ser facilmente transportado e usado em qualquer lugar, seja em casa, no trabalho ou em viagens.<\/p>\n<p>CUIDADOS COM O PRODUTO:<br \/>\n&#8211; N\u00e3o mantenha em altas ou baixas temperaturas ou umidade ao armazenar a unidade<br \/>\n&#8211; A sujeira pode atrapalhar o efeito do uso<\/p>\n<p>MODO DE LIMPEZA:<br \/>\n&#8211; Limpe o ponto sujo do massageador com pano \u00famido com material neutro<br \/>\n&#8211; Limpe novamente com pano seco sem pressionar muito<\/p>\n<p>ITENS INCLUSOS:<br \/>\n2 Bases adesiva<br \/>\n2 Gerador de est\u00edmulos<br \/>\n2 Cabo USB<\/p>\n<p>ESPECIFICA\u00c7\u00d5ES T\u00c9CNICAS:<br \/>\n&#8211; 8 modalidades<br \/>\n&#8211; 19 intensidades<br \/>\n&#8211; Desliga automaticamente ap\u00f3s 30 segundos sem contato com a pele<br \/>\n&#8211; Voltagem: 3,7V<br \/>\n&#8211; Sa\u00edda m\u00e1xima: 35maA<br \/>\n&#8211; Frequ\u00eancia: 1-100Hz<br \/>\n&#8211; Capacidade da bateria: 200mAH<\/p>\n","protected":false},"excerpt":{"rendered":"<p>Massageador Port\u00e1til Recarreg\u00e1vel EMS Apresentamos o massageador el\u00e9trico com pulsos de eletroestimula\u00e7\u00e3o, um equipamento que pode ser seu aliado na busca por uma vida mais saud\u00e1vel. Com ele, voc\u00ea poder\u00e1 aliviar dores cr\u00f4nicas e auxiliar na recupera\u00e7\u00e3o muscular ap\u00f3s atividades &hellip; <a href=\"https:\/\/mistersates-import.com.br\/loja\/product\/massageador-portatil-recarregavel-dor-pescoco-coluna\/\">Readmore<\/a><\/p>\n","protected":false},"featured_media":18202,"template":"","meta":{"_joinchat":[]},"_links":{"self":[{"href":"https:\/\/mistersates-import.com.br\/loja\/wp-json\/wp\/v2\/product\/18201"}],"collection":[{"href":"https:\/\/mistersates-import.com.br\/loja\/wp-json\/wp\/v2\/product"}],"about":[{"href":"https:\/\/mistersates-import.com.br\/loja\/wp-json\/wp\/v2\/types\/product"}],"wp:featuredmedia":[{"embeddable":true,"href":"https:\/\/mistersates-import.com.br\/loja\/wp-json\/wp\/v2\/media\/18202"}],"wp:attachment":[{"href":"https:\/\/mistersates-import.com.br\/loja\/wp-json\/wp\/v2\/media?parent=18201"}],"curies":[{"name":"wp","href":"https:\/\/api.w.org\/{rel}","templated":true}]}}