{"id":18211,"date":"2024-01-27T13:37:32","date_gmt":"2024-01-27T16:37:32","guid":{"rendered":"https:\/\/mistersates-import.com.br\/loja\/?post_type=product&#038;p=18211"},"modified":"2025-11-12T10:28:56","modified_gmt":"2025-11-12T13:28:56","slug":"kit-espaguete-tubo-termo-retratil-530-pcs-colorido","status":"publish","type":"product","link":"https:\/\/mistersates-import.com.br\/loja\/product\/kit-espaguete-tubo-termo-retratil-530-pcs-colorido\/","title":{"rendered":"Kit Espaguete Tubo Termo Retr\u00e1til 530 P\u00e7s Colorido"},"content":{"rendered":"<p>DESCRI\u00c7\u00c3O DO ITEM:<\/p>\n<p>530 PCS Especifica\u00e7\u00f5es:<\/p>\n<p>Cole\u00e7\u00e3o grande da tubula\u00e7\u00e3o do psiquiatra do calor, 8 especifica\u00e7\u00f5es, 5 cores.<br \/>\nQuantidade: 1 pacote (530 pces)<br \/>\nCor: preto, amarelo, verde, vermelho, azul (aleat\u00f3rio)<br \/>\nMaterial: Poliolefinas<\/p>\n<p>Tamanho:<\/p>\n<p>(Quantidade + di\u00e2metro + comprimento) cor aleat\u00f3ria<\/p>\n<p>Total: 530 unidades<\/p>\n<p>5 cores:<\/p>\n<p>&nbsp;<\/p>\n<p>Amarelo, azul, preto, verde, vermelho<\/p>\n<p>&nbsp;<\/p>\n<p>80 pe\u00e7as 1.5X45mm<\/p>\n<p>30 pe\u00e7as 5.0X45mm<\/p>\n<p>80 pe\u00e7as 2,0X45mm<\/p>\n<p>20 pe\u00e7as 6,0X45mm<\/p>\n<p>80 pe\u00e7as 2,0X45mm<\/p>\n<p>20 pe\u00e7as 8.OX45mm<\/p>\n<p>60 pe\u00e7as 2. OX45mm<\/p>\n<p>20 pe\u00e7as 10.0x45mm<\/p>\n<p>50 pe\u00e7as 4,0X45mm<\/p>\n<p>&#8211; Resistente a l\u00edquidos e solventes comuns;<br \/>\n&#8211; Sela e protege;<br \/>\n&#8211; Retardador a chama;<br \/>\n&#8211; Certifica\u00e7\u00e3o UL<br \/>\n&#8211; Abrange todas as medidas de fios que voc\u00ea precisar em el\u00e9trica, hobbies e muitas outras aplica\u00e7\u00f5es.<\/p>\n<p>Especifica\u00e7\u00e3o:<\/p>\n<p>Material: Poliolefinas<br \/>\nCores: Amarela, preto, vermelho, verde, azul<br \/>\nPropor\u00e7\u00e3o de encolhimento 2:1<br \/>\nTemperatura de Encolhimento m\u00ednimo: aprox. 70 Graus Celsius<br \/>\nTemperatura Encolhimento completa m\u00e1xima: 125 Graus Celsius<br \/>\nTemp de trabalho: 55 ~ 125 Graus Celsius<br \/>\nRigidez Diel\u00e9trica: 15KV\/mm<br \/>\nInflamabilidade Retardador de Chama<br \/>\nResist\u00eancia \u00e0 tra\u00e7\u00e3o: 10.4 Mpa<br \/>\nM\u00e9todo de corte: Tesoura ou uma faca afiada<\/p>\n<p>Nota:<br \/>\nMedi\u00e7\u00e3o manual, pode haver varia\u00e7\u00e3o de +\/-1mm de erro.<br \/>\nDevido \u00e0 diferen\u00e7a entre monitores diferentes, a imagem pode n\u00e3o refletir a cor real do item.<\/p>\n","protected":false},"excerpt":{"rendered":"<p>DESCRI\u00c7\u00c3O DO ITEM: 530 PCS Especifica\u00e7\u00f5es: Cole\u00e7\u00e3o grande da tubula\u00e7\u00e3o do psiquiatra do calor, 8 especifica\u00e7\u00f5es, 5 cores. Quantidade: 1 pacote (530 pces) Cor: preto, amarelo, verde, vermelho, azul (aleat\u00f3rio) Material: Poliolefinas Tamanho: (Quantidade + di\u00e2metro + comprimento) cor aleat\u00f3ria &hellip; <a href=\"https:\/\/mistersates-import.com.br\/loja\/product\/kit-espaguete-tubo-termo-retratil-530-pcs-colorido\/\">Readmore<\/a><\/p>\n","protected":false},"featured_media":18213,"template":"","meta":{"_joinchat":[]},"_links":{"self":[{"href":"https:\/\/mistersates-import.com.br\/loja\/wp-json\/wp\/v2\/product\/18211"}],"collection":[{"href":"https:\/\/mistersates-import.com.br\/loja\/wp-json\/wp\/v2\/product"}],"about":[{"href":"https:\/\/mistersates-import.com.br\/loja\/wp-json\/wp\/v2\/types\/product"}],"wp:featuredmedia":[{"embeddable":true,"href":"https:\/\/mistersates-import.com.br\/loja\/wp-json\/wp\/v2\/media\/18213"}],"wp:attachment":[{"href":"https:\/\/mistersates-import.com.br\/loja\/wp-json\/wp\/v2\/media?parent=18211"}],"curies":[{"name":"wp","href":"https:\/\/api.w.org\/{rel}","templated":true}]}}