{"id":18225,"date":"2024-03-16T11:51:36","date_gmt":"2024-03-16T14:51:36","guid":{"rendered":"https:\/\/mistersates-import.com.br\/loja\/?post_type=product&#038;p=18225"},"modified":"2024-08-06T18:41:35","modified_gmt":"2024-08-06T21:41:35","slug":"cartao-de-memoria-micro-sdhc-class-10-64gb-inova","status":"publish","type":"product","link":"https:\/\/mistersates-import.com.br\/loja\/product\/cartao-de-memoria-micro-sdhc-class-10-64gb-inova\/","title":{"rendered":"Cart\u00e3o De Mem\u00f3ria Micro Sdhc Class 10  64gb Inova"},"content":{"rendered":"<p>Descri\u00e7\u00e3o:<\/p>\n<p>Cart\u00e3o De Mem\u00f3ria Micro Sdhc Class 10 64gb Inova<\/p>\n<p>O cart\u00e3o de mem\u00f3ria no formato Micro SDHC CLASS 10, tem capacidade de armazenamento de 64 Gb que confere espa\u00e7o suficiente para um usu\u00e1rio comum armazenar diversas m\u00fasicas, arquivos, documentos, fotos e v\u00eddeos com qualidade Full HD.<\/p>\n<p>Este dispositivo pode ser utilizado com computadores e notebooks com leitor de cart\u00e3o, c\u00e2meras digitais ou em Smartphones e Tablets com sistema operacional Android.<\/p>\n<p>Acompanha Adaptador SDHC para compatibilidade com dispositivos para o formato de cart\u00e3o SDHC.<\/p>\n<p>&nbsp;<\/p>\n","protected":false},"excerpt":{"rendered":"<p>Descri\u00e7\u00e3o: Cart\u00e3o De Mem\u00f3ria Micro Sdhc Class 10 64gb Inova O cart\u00e3o de mem\u00f3ria no formato Micro SDHC CLASS 10, tem capacidade de armazenamento de 64 Gb que confere espa\u00e7o suficiente para um usu\u00e1rio comum armazenar diversas m\u00fasicas, arquivos, documentos, &hellip; <a href=\"https:\/\/mistersates-import.com.br\/loja\/product\/cartao-de-memoria-micro-sdhc-class-10-64gb-inova\/\">Readmore<\/a><\/p>\n","protected":false},"featured_media":18227,"template":"","meta":{"_joinchat":[]},"_links":{"self":[{"href":"https:\/\/mistersates-import.com.br\/loja\/wp-json\/wp\/v2\/product\/18225"}],"collection":[{"href":"https:\/\/mistersates-import.com.br\/loja\/wp-json\/wp\/v2\/product"}],"about":[{"href":"https:\/\/mistersates-import.com.br\/loja\/wp-json\/wp\/v2\/types\/product"}],"wp:featuredmedia":[{"embeddable":true,"href":"https:\/\/mistersates-import.com.br\/loja\/wp-json\/wp\/v2\/media\/18227"}],"wp:attachment":[{"href":"https:\/\/mistersates-import.com.br\/loja\/wp-json\/wp\/v2\/media?parent=18225"}],"curies":[{"name":"wp","href":"https:\/\/api.w.org\/{rel}","templated":true}]}}