{"id":18232,"date":"2024-03-16T12:14:22","date_gmt":"2024-03-16T15:14:22","guid":{"rendered":"https:\/\/mistersates-import.com.br\/loja\/?post_type=product&#038;p=18232"},"modified":"2025-09-01T23:43:52","modified_gmt":"2025-09-02T02:43:52","slug":"cabos-emborrachado-garra-jacare-para-multimetro-1m","status":"publish","type":"product","link":"https:\/\/mistersates-import.com.br\/loja\/product\/cabos-emborrachado-garra-jacare-para-multimetro-1m\/","title":{"rendered":"Cabos Emborrachado Garra Jacar\u00e9 Para Multimetro 1m"},"content":{"rendered":"<p>Informa\u00e7\u00f5es Gerais<\/p>\n<p>ZIShan 1M Jacar\u00e9 Cilp para Banana Plug Test Cable Lead Connector Dual Tester Probe Crocodilo Clipe para Mult\u00edmetro Ferramenta de Medida<\/p>\n<p>&nbsp;<\/p>\n<p>Cor: Preto, Vermelho<\/p>\n<p>Imped\u00e2ncia: 50O<\/p>\n<p>Temperatura operacional: -10 \/ 50 \u00b0C<\/p>\n<p>Temperatura De Armazenamento: -20 \/ 75 \u00b0C<\/p>\n<p>&nbsp;<\/p>\n<p>Caracter\u00edsticas:<\/p>\n<p>Banana Plug to Dual Jacar\u00e9 Clips Test Cable Lead<\/p>\n","protected":false},"excerpt":{"rendered":"<p>Informa\u00e7\u00f5es Gerais ZIShan 1M Jacar\u00e9 Cilp para Banana Plug Test Cable Lead Connector Dual Tester Probe Crocodilo Clipe para Mult\u00edmetro Ferramenta de Medida &nbsp; Cor: Preto, Vermelho Imped\u00e2ncia: 50O Temperatura operacional: -10 \/ 50 \u00b0C Temperatura De Armazenamento: -20 \/ &hellip; <a href=\"https:\/\/mistersates-import.com.br\/loja\/product\/cabos-emborrachado-garra-jacare-para-multimetro-1m\/\">Readmore<\/a><\/p>\n","protected":false},"featured_media":18233,"template":"","meta":{"_joinchat":[]},"_links":{"self":[{"href":"https:\/\/mistersates-import.com.br\/loja\/wp-json\/wp\/v2\/product\/18232"}],"collection":[{"href":"https:\/\/mistersates-import.com.br\/loja\/wp-json\/wp\/v2\/product"}],"about":[{"href":"https:\/\/mistersates-import.com.br\/loja\/wp-json\/wp\/v2\/types\/product"}],"wp:featuredmedia":[{"embeddable":true,"href":"https:\/\/mistersates-import.com.br\/loja\/wp-json\/wp\/v2\/media\/18233"}],"wp:attachment":[{"href":"https:\/\/mistersates-import.com.br\/loja\/wp-json\/wp\/v2\/media?parent=18232"}],"curies":[{"name":"wp","href":"https:\/\/api.w.org\/{rel}","templated":true}]}}