{"id":18244,"date":"2024-03-16T12:31:28","date_gmt":"2024-03-16T15:31:28","guid":{"rendered":"https:\/\/mistersates-import.com.br\/loja\/?post_type=product&#038;p=18244"},"modified":"2025-08-15T21:41:38","modified_gmt":"2025-08-16T00:41:38","slug":"rabicho-plug-p4-macho-cftv-fita-led-alarmes-cameras","status":"publish","type":"product","link":"https:\/\/mistersates-import.com.br\/loja\/product\/rabicho-plug-p4-macho-cftv-fita-led-alarmes-cameras\/","title":{"rendered":"Rabicho Plug P4 Macho Cftv Fita Led Alarmes C\u00e2meras"},"content":{"rendered":"<p>Descri\u00e7\u00e3o<\/p>\n<p>Rabicho Plug P4 Macho Cftv Fita Led Alarmes C\u00e2meras<\/p>\n<p>Conector P4 F\u00eamea \u00e9 recomendado para o uso<br \/>\nem instala\u00e7\u00f5es de CFTV, alarmes, Ilumina\u00e7\u00e3o LED, som e diversas utiliza\u00e7\u00f5es em geral.<\/p>\n<p>Descri\u00e7\u00e3o:<\/p>\n<p>&#8211; F\u00e1cil instala\u00e7\u00e3o, dispensa o uso de solda (j\u00e1 \u00e9 estanhado)<br \/>\n&#8211; Acabamento profissional na sua instala\u00e7\u00e3o<br \/>\n&#8211; Fio vermelho positivo<br \/>\n&#8211; Fio preto negativo<br \/>\n&#8211; 22,2 cm de comprimento<br \/>\n&#8211; P4 f\u00eamea<br \/>\n&#8211; Tamanho do cabo 18cm<br \/>\n&#8211; Pino central DC 2,1mm<br \/>\n&#8211; 22 AWG<\/p>\n<p>Composi\u00e7\u00e3o:<\/p>\n<p>1 &#8211; Conectores P4 macho rabicho<\/p>\n","protected":false},"excerpt":{"rendered":"<p>Descri\u00e7\u00e3o Rabicho Plug P4 Macho Cftv Fita Led Alarmes C\u00e2meras Conector P4 F\u00eamea \u00e9 recomendado para o uso em instala\u00e7\u00f5es de CFTV, alarmes, Ilumina\u00e7\u00e3o LED, som e diversas utiliza\u00e7\u00f5es em geral. Descri\u00e7\u00e3o: &#8211; F\u00e1cil instala\u00e7\u00e3o, dispensa o uso de solda &hellip; <a href=\"https:\/\/mistersates-import.com.br\/loja\/product\/rabicho-plug-p4-macho-cftv-fita-led-alarmes-cameras\/\">Readmore<\/a><\/p>\n","protected":false},"featured_media":18245,"template":"","meta":{"_joinchat":[]},"_links":{"self":[{"href":"https:\/\/mistersates-import.com.br\/loja\/wp-json\/wp\/v2\/product\/18244"}],"collection":[{"href":"https:\/\/mistersates-import.com.br\/loja\/wp-json\/wp\/v2\/product"}],"about":[{"href":"https:\/\/mistersates-import.com.br\/loja\/wp-json\/wp\/v2\/types\/product"}],"wp:featuredmedia":[{"embeddable":true,"href":"https:\/\/mistersates-import.com.br\/loja\/wp-json\/wp\/v2\/media\/18245"}],"wp:attachment":[{"href":"https:\/\/mistersates-import.com.br\/loja\/wp-json\/wp\/v2\/media?parent=18244"}],"curies":[{"name":"wp","href":"https:\/\/api.w.org\/{rel}","templated":true}]}}