{"id":18259,"date":"2024-03-18T11:13:51","date_gmt":"2024-03-18T14:13:51","guid":{"rendered":"https:\/\/mistersates-import.com.br\/loja\/?post_type=product&#038;p=18259"},"modified":"2025-08-21T11:04:40","modified_gmt":"2025-08-21T14:04:40","slug":"fusivel-lamina-carro-veiculos-kit-com-300-pcs-acomp-estojo","status":"publish","type":"product","link":"https:\/\/mistersates-import.com.br\/loja\/product\/fusivel-lamina-carro-veiculos-kit-com-300-pcs-acomp-estojo\/","title":{"rendered":"Fusivel Lamina Carro Veiculos Kit Com 300 P\u00e7s Acomp Estojo"},"content":{"rendered":"<p>Informa\u00e7\u00f5es Gerais<\/p>\n<p>Especifica\u00e7\u00e3o:<\/p>\n<p>Condi\u00e7\u00e3o: 100% Brand new<br \/>\nNome do produto: caixa do fus\u00edvel<br \/>\nCor principal: cinza claro, roxo, verde, laranja, cinza, amarelo, vermelho, azul, branco<\/p>\n<p>Caracter\u00edstica:<\/p>\n<p>Material 1. Highquality, ferramenta dur\u00e1vel, seis cores fus\u00edvel.<br \/>\n2. Este item cont\u00e9m fus\u00edvel e fus\u00edvel extrator \u00e9 melhor e mais barato do que compr\u00e1-los individuais.<br \/>\n3. Usado para puxar tipos de fus\u00edveis de vidro, bem como fus\u00edveis estilo l\u00e2mina (automotivo) com a outra extremidade.<br \/>\n4. Uso f\u00e1cil. Dois dedos pressionam a extremidade da ferramenta e, em seguida, colocam o fus\u00edvel no clipe para instalar o fus\u00edvel.<br \/>\n5. Este item \u00e9 uma ferramenta essencial para o propriet\u00e1rio do carro.<\/p>\n<p>Pacote inclui<\/p>\n<p>300 PCS X tamanho pequeno l\u00e2mina fus\u00edvel com saco poli<br \/>\nExtrator do fus\u00edvel 1 PC X<\/p>\n","protected":false},"excerpt":{"rendered":"<p>Informa\u00e7\u00f5es Gerais Especifica\u00e7\u00e3o: Condi\u00e7\u00e3o: 100% Brand new Nome do produto: caixa do fus\u00edvel Cor principal: cinza claro, roxo, verde, laranja, cinza, amarelo, vermelho, azul, branco Caracter\u00edstica: Material 1. Highquality, ferramenta dur\u00e1vel, seis cores fus\u00edvel. 2. Este item cont\u00e9m fus\u00edvel e &hellip; <a href=\"https:\/\/mistersates-import.com.br\/loja\/product\/fusivel-lamina-carro-veiculos-kit-com-300-pcs-acomp-estojo\/\">Readmore<\/a><\/p>\n","protected":false},"featured_media":18260,"template":"","meta":{"_joinchat":[]},"_links":{"self":[{"href":"https:\/\/mistersates-import.com.br\/loja\/wp-json\/wp\/v2\/product\/18259"}],"collection":[{"href":"https:\/\/mistersates-import.com.br\/loja\/wp-json\/wp\/v2\/product"}],"about":[{"href":"https:\/\/mistersates-import.com.br\/loja\/wp-json\/wp\/v2\/types\/product"}],"wp:featuredmedia":[{"embeddable":true,"href":"https:\/\/mistersates-import.com.br\/loja\/wp-json\/wp\/v2\/media\/18260"}],"wp:attachment":[{"href":"https:\/\/mistersates-import.com.br\/loja\/wp-json\/wp\/v2\/media?parent=18259"}],"curies":[{"name":"wp","href":"https:\/\/api.w.org\/{rel}","templated":true}]}}