{"id":18266,"date":"2024-03-18T11:17:10","date_gmt":"2024-03-18T14:17:10","guid":{"rendered":"https:\/\/mistersates-import.com.br\/loja\/?post_type=product&#038;p=18266"},"modified":"2024-07-16T10:32:10","modified_gmt":"2024-07-16T13:32:10","slug":"led-solar-lampada-quintal-parede-sensor-de-movimento","status":"publish","type":"product","link":"https:\/\/mistersates-import.com.br\/loja\/product\/led-solar-lampada-quintal-parede-sensor-de-movimento\/","title":{"rendered":"Led Solar L\u00e2mpada Quintal, Parede, Sensor De Movimento"},"content":{"rendered":"<p>\u2022 DESCRI\u00c7\u00c3O DO PRODUTO:<\/p>\n<p>\u2022 106 luzes LED :O produto tem 106 luzes LED, proporcionando ilumina\u00e7\u00e3o brilhante e eficiente para o seu espa\u00e7o ao ar livre.<\/p>\n<p>\u2022 Sensor de movimento :O recurso do sensor de movimento garante que as luzes acendam automaticamente quando algu\u00e9m entra na faixa de detec\u00e7\u00e3o, tornando-o conveniente e eficiente em termos de energia.<\/p>\n<p>\u2022 \u00c0 prova d&#8217; \u00e1gua :O produto \u00e9 \u00e0 prova d&#8217;\u00e1gua, tornando-o adequado para uso em todas as condi\u00e7\u00f5es meteorol\u00f3gicas.<\/p>\n<p>\u2022 Tr\u00eas modos :O produto tem tr\u00eas modos diferentes para escolher, permitindo que voc\u00ea personalize a ilumina\u00e7\u00e3o de acordo com suas necessidades.<\/p>\n<p>Modo 1 &#8211; de Luz Dim<br \/>\nModo 2 &#8211; Luz fraca + modo sensor de movimento<br \/>\nModo 3 &#8211; Sensor de movimento<br \/>\nModo 4 &#8211; SOS Mode<\/p>\n<p>\u2022 ITENS INCLUSOS:<\/p>\n<p>1 LED Solar Light Outdoor Waterproof com Motion Sensor Projector Controle Remoto<\/p>\n<p>\u2022 ESPECIFICA\u00c7\u00d5ES DO PRODUTO:<\/p>\n<p>Tamanho do produto: 140*110*50mm (abajur) \/ 140*80mm (painel solar)<br \/>\nPainel solar: 5.5V 1.5w<br \/>\nFonte de luz: 2835 * 106LED<br \/>\nBateria: 18650\/1800MA<br \/>\nMaterial: ABS + PC<br \/>\nTemperatura de cor: 6500K<br \/>\nClassifica\u00e7\u00e3o \u00e0 prova d&#8217;\u00e1gua: IP65.<br \/>\nTempo de carregamento: 4-6 horas<br \/>\nTempo luminoso: 10-12 horas<br \/>\nFaixa de luz: cerca de 25 metros quadrados<\/p>\n","protected":false},"excerpt":{"rendered":"<p>\u2022 DESCRI\u00c7\u00c3O DO PRODUTO: \u2022 106 luzes LED :O produto tem 106 luzes LED, proporcionando ilumina\u00e7\u00e3o brilhante e eficiente para o seu espa\u00e7o ao ar livre. \u2022 Sensor de movimento :O recurso do sensor de movimento garante que as luzes &hellip; <a href=\"https:\/\/mistersates-import.com.br\/loja\/product\/led-solar-lampada-quintal-parede-sensor-de-movimento\/\">Readmore<\/a><\/p>\n","protected":false},"featured_media":18267,"template":"","meta":{"_joinchat":[]},"_links":{"self":[{"href":"https:\/\/mistersates-import.com.br\/loja\/wp-json\/wp\/v2\/product\/18266"}],"collection":[{"href":"https:\/\/mistersates-import.com.br\/loja\/wp-json\/wp\/v2\/product"}],"about":[{"href":"https:\/\/mistersates-import.com.br\/loja\/wp-json\/wp\/v2\/types\/product"}],"wp:featuredmedia":[{"embeddable":true,"href":"https:\/\/mistersates-import.com.br\/loja\/wp-json\/wp\/v2\/media\/18267"}],"wp:attachment":[{"href":"https:\/\/mistersates-import.com.br\/loja\/wp-json\/wp\/v2\/media?parent=18266"}],"curies":[{"name":"wp","href":"https:\/\/api.w.org\/{rel}","templated":true}]}}