{"id":18279,"date":"2024-03-18T11:24:48","date_gmt":"2024-03-18T14:24:48","guid":{"rendered":"https:\/\/mistersates-import.com.br\/loja\/?post_type=product&#038;p=18279"},"modified":"2026-03-20T12:23:14","modified_gmt":"2026-03-20T15:23:14","slug":"extensor-conversor-hdmi-via-1-cabo-rede-rj45-4k-30m-cat5e-6","status":"publish","type":"product","link":"https:\/\/mistersates-import.com.br\/loja\/product\/extensor-conversor-hdmi-via-1-cabo-rede-rj45-4k-30m-cat5e-6\/","title":{"rendered":"Extensor Conversor Hdmi Via 1 Cabo Rede Rj45 4k 30m Cat5e\/6"},"content":{"rendered":"<p>Descri\u00e7\u00e3o:<\/p>\n<p>Extensor Conversor Hdmi 4k Rede Rj45 Projetor Tv Notebook Pc<\/p>\n<p>Extensor Hdmi 30 metros com Pigtail com suporte total a cabo de rede Cat 5e e Cat 6. \u00c9 poss\u00edvel a distribui\u00e7\u00e3o e extender conte\u00fado Hdmi Full Hd por grandes dist\u00e2ncias. O sinal Hdmi \u00e9 transmitido de sua fonte Hdmi para o dispositivo, ele envia o sinal Hdtv numa dist\u00e2ncia de at\u00e9 30 m. O monitor \/ display \u00e9 conectado no receptor, o extender utiliza um cabo de rede Cat5\/Cat6 para ligar o transmissor e o receptor.<\/p>\n<p>Plug And Play<br \/>\nSuporta CAT5 ou CAT6 para 4K<br \/>\nResolu\u00e7\u00e3o Full Hd 1080p, 720p, 480p, 480i<br \/>\nCompat\u00edvel com 3D<br \/>\nCompat\u00edvel com Hdmi 1.4, 1,3 e anteriores<br \/>\nTransmissor e receptor de tamanho compacto<br \/>\nA conex\u00e3o do transmissor \u00e9 feito atrav\u00e9s de cabo de rede RJ45<br \/>\nDist\u00e2ncia m\u00e1xima de transmiss\u00e3o de 30 metros<br \/>\nN\u00e3o precisa de software para instala\u00e7\u00e3o<br \/>\nSuporta Hd Digital e Hdtv| 480p\/720i\/720p\/1080i\/1080p<br \/>\nTrabalha como seletor Hdmi e Splitter Hdmi suporte a Hdcp<br \/>\nSinal de entrada de video: 0.5 &#8211; 1.0 volts p-p<br \/>\nSinal de entrada: 5 volts p-p (Ttl)<br \/>\nResolu\u00e7\u00e3o m\u00e1xima: 1920&#215;1200, 1080p<\/p>\n<p>Na embalagem cont\u00e9m:<\/p>\n<p>* 01 &#8211; Transmissor (TX);<br \/>\n* 01 &#8211; Receptor (RX).<\/p>\n","protected":false},"excerpt":{"rendered":"<p>Descri\u00e7\u00e3o: Extensor Conversor Hdmi 4k Rede Rj45 Projetor Tv Notebook Pc Extensor Hdmi 30 metros com Pigtail com suporte total a cabo de rede Cat 5e e Cat 6. \u00c9 poss\u00edvel a distribui\u00e7\u00e3o e extender conte\u00fado Hdmi Full Hd por &hellip; <a href=\"https:\/\/mistersates-import.com.br\/loja\/product\/extensor-conversor-hdmi-via-1-cabo-rede-rj45-4k-30m-cat5e-6\/\">Readmore<\/a><\/p>\n","protected":false},"featured_media":18282,"template":"","meta":{"_joinchat":[]},"_links":{"self":[{"href":"https:\/\/mistersates-import.com.br\/loja\/wp-json\/wp\/v2\/product\/18279"}],"collection":[{"href":"https:\/\/mistersates-import.com.br\/loja\/wp-json\/wp\/v2\/product"}],"about":[{"href":"https:\/\/mistersates-import.com.br\/loja\/wp-json\/wp\/v2\/types\/product"}],"wp:featuredmedia":[{"embeddable":true,"href":"https:\/\/mistersates-import.com.br\/loja\/wp-json\/wp\/v2\/media\/18282"}],"wp:attachment":[{"href":"https:\/\/mistersates-import.com.br\/loja\/wp-json\/wp\/v2\/media?parent=18279"}],"curies":[{"name":"wp","href":"https:\/\/api.w.org\/{rel}","templated":true}]}}