{"id":18304,"date":"2024-03-18T11:42:19","date_gmt":"2024-03-18T14:42:19","guid":{"rendered":"https:\/\/mistersates-import.com.br\/loja\/?post_type=product&#038;p=18304"},"modified":"2024-06-29T21:25:06","modified_gmt":"2024-06-30T00:25:06","slug":"carregador-triplo-baterias-hero-91011-e-12-black-telesin","status":"publish","type":"product","link":"https:\/\/mistersates-import.com.br\/loja\/product\/carregador-triplo-baterias-hero-91011-e-12-black-telesin\/","title":{"rendered":"Carregador Triplo Baterias Hero 9,10,11 E 12 Black Telesin"},"content":{"rendered":"<p>Somente carregador: Bolso carregamento caso introdu\u00e7\u00e3o<\/p>\n<p>Caracter\u00edstica:<\/p>\n<p>1- fun\u00e7\u00e3o de exibi\u00e7\u00e3o do poder: 4 luzes, respectivamente exibir 30% 50% 75% 100% de energia;<br \/>\n2- fun\u00e7\u00e3o de consulta de energia desconectada: desconectada, coloque a bateria\/tampa aberta, o LED exibir\u00e1 automaticamente a energia da bateria;<br \/>\n3- nova apar\u00eancia port\u00e1til: plana, leve e pequena, f\u00e1cil de transportar para o bolso e bolsa ao ar livre;<br \/>\n4- compat\u00edvel com Telesin 9\/10\/11\/12 bateria de alto desempenho, Enduro bateria, convencional arco 9\/10\/11\/12 bateria de carregamento;<br \/>\n5- Tr\u00eas entalhes de carregamento da bateria podem ser enchidos com tr\u00eas baterias ao mesmo tempo;<br \/>\n6- pode armazenar 2 cart\u00f5es TF;<br \/>\n7- entrada do porto do USB-C, tens\u00e3o de entrada 5V\/3A, porto de carregamento no lado para o carregamento vertical;<br \/>\n8- sa\u00edda tens\u00e3o 4.4V\/800 100mah;<br \/>\n9- tempo de carregamento: \u00fanico\/tr\u00eas ao mesmo tempo &#8211; 150mins.<\/p>\n<p>Especifica\u00e7\u00f5es:<\/p>\n<p>Tamanho: 115&#215;59,5&#215;24,9 mil\u00edmetros<br \/>\nTemperatura: 0 \u00b0C &#8211; 40 \u00b0C<br \/>\nPeso: 85,6g<br \/>\nAdequado para baterias. : Gopro 12\/11\/10\/9 bateria original, TELESIN bateria azul quadrado e bateria redonda amarela.<br \/>\nEntrada: Tipo-C 5V\/3A<\/p>\n<p>&nbsp;<\/p>\n<div class=\"entry-content-asset\"><iframe loading=\"lazy\" title=\"Carregador Triplo Baterias Hero 9,10,11 E 12 Black Telesin\" width=\"100%\" height=\"705\" src=\"https:\/\/www.youtube.com\/embed\/UeCZl3WELbY?feature=oembed\" frameborder=\"0\" allow=\"accelerometer; autoplay; clipboard-write; encrypted-media; gyroscope; picture-in-picture; web-share\" allowfullscreen><\/iframe><\/div>\n<p>&nbsp;<\/p>\n","protected":false},"excerpt":{"rendered":"<p>Somente carregador: Bolso carregamento caso introdu\u00e7\u00e3o Caracter\u00edstica: 1- fun\u00e7\u00e3o de exibi\u00e7\u00e3o do poder: 4 luzes, respectivamente exibir 30% 50% 75% 100% de energia; 2- fun\u00e7\u00e3o de consulta de energia desconectada: desconectada, coloque a bateria\/tampa aberta, o LED exibir\u00e1 automaticamente a &hellip; <a href=\"https:\/\/mistersates-import.com.br\/loja\/product\/carregador-triplo-baterias-hero-91011-e-12-black-telesin\/\">Readmore<\/a><\/p>\n","protected":false},"featured_media":18305,"template":"","meta":{"_joinchat":[]},"_links":{"self":[{"href":"https:\/\/mistersates-import.com.br\/loja\/wp-json\/wp\/v2\/product\/18304"}],"collection":[{"href":"https:\/\/mistersates-import.com.br\/loja\/wp-json\/wp\/v2\/product"}],"about":[{"href":"https:\/\/mistersates-import.com.br\/loja\/wp-json\/wp\/v2\/types\/product"}],"wp:featuredmedia":[{"embeddable":true,"href":"https:\/\/mistersates-import.com.br\/loja\/wp-json\/wp\/v2\/media\/18305"}],"wp:attachment":[{"href":"https:\/\/mistersates-import.com.br\/loja\/wp-json\/wp\/v2\/media?parent=18304"}],"curies":[{"name":"wp","href":"https:\/\/api.w.org\/{rel}","templated":true}]}}