{"id":18313,"date":"2024-03-18T11:49:18","date_gmt":"2024-03-18T14:49:18","guid":{"rendered":"https:\/\/mistersates-import.com.br\/loja\/?post_type=product&#038;p=18313"},"modified":"2025-03-28T21:34:04","modified_gmt":"2025-03-29T00:34:04","slug":"toalha-de-microfibra-lavagem-carro-polimento-60x30cm","status":"publish","type":"product","link":"https:\/\/mistersates-import.com.br\/loja\/product\/toalha-de-microfibra-lavagem-carro-polimento-60x30cm\/","title":{"rendered":"Toalha De Microfibra Lavagem Carro Polimento 60x30CM"},"content":{"rendered":"<p>Informa\u00e7\u00f5es Gerais<\/p>\n<p>Especifica\u00e7\u00f5es<\/p>\n<p>Nome: Toalha De Microfibra Do Carro<br \/>\nFun\u00e7\u00e3o: Limpeza do carro, Limpeza do Windows, Limpeza dos Pratos<br \/>\nTamanho: 30x60cm<br \/>\nMateriais: Fibra macia fina do poli\u00e9ster<br \/>\nPacote: Toalha De Microfibra<br \/>\nCaracter\u00edsticas: Absor\u00e7\u00e3o de \u00e1gua forte, f\u00e1cil de limpar, n\u00e3o depilat\u00f3rio e n\u00e3o desbotamento<\/p>\n<p>Descreva:<\/p>\n<p>A fibra ultra fina engrossada toalha de lavagem do carro tem forte capacidade de absor\u00e7\u00e3o de \u00e1gua, pode efetivamente remover a sujeira, n\u00e3o perde cabelo, n\u00e3o se desvanece e tem acabamento requintado<\/p>\n","protected":false},"excerpt":{"rendered":"<p>Informa\u00e7\u00f5es Gerais Especifica\u00e7\u00f5es Nome: Toalha De Microfibra Do Carro Fun\u00e7\u00e3o: Limpeza do carro, Limpeza do Windows, Limpeza dos Pratos Tamanho: 30x60cm Materiais: Fibra macia fina do poli\u00e9ster Pacote: Toalha De Microfibra Caracter\u00edsticas: Absor\u00e7\u00e3o de \u00e1gua forte, f\u00e1cil de limpar, n\u00e3o &hellip; <a href=\"https:\/\/mistersates-import.com.br\/loja\/product\/toalha-de-microfibra-lavagem-carro-polimento-60x30cm\/\">Readmore<\/a><\/p>\n","protected":false},"featured_media":18319,"template":"","meta":{"_joinchat":[]},"_links":{"self":[{"href":"https:\/\/mistersates-import.com.br\/loja\/wp-json\/wp\/v2\/product\/18313"}],"collection":[{"href":"https:\/\/mistersates-import.com.br\/loja\/wp-json\/wp\/v2\/product"}],"about":[{"href":"https:\/\/mistersates-import.com.br\/loja\/wp-json\/wp\/v2\/types\/product"}],"wp:featuredmedia":[{"embeddable":true,"href":"https:\/\/mistersates-import.com.br\/loja\/wp-json\/wp\/v2\/media\/18319"}],"wp:attachment":[{"href":"https:\/\/mistersates-import.com.br\/loja\/wp-json\/wp\/v2\/media?parent=18313"}],"curies":[{"name":"wp","href":"https:\/\/api.w.org\/{rel}","templated":true}]}}