{"id":18321,"date":"2024-03-18T11:53:57","date_gmt":"2024-03-18T14:53:57","guid":{"rendered":"https:\/\/mistersates-import.com.br\/loja\/?post_type=product&#038;p=18321"},"modified":"2025-11-27T05:17:43","modified_gmt":"2025-11-27T08:17:43","slug":"hub-adaptador-12-em-1-tipo-c-usb-3-0-hdmi-rj45-micro-sd-tf","status":"publish","type":"product","link":"https:\/\/mistersates-import.com.br\/loja\/product\/hub-adaptador-12-em-1-tipo-c-usb-3-0-hdmi-rj45-micro-sd-tf\/","title":{"rendered":"Hub Adaptador 12 Em 1 Tipo C Usb 3.0 Hdmi Rj45 Micro Sd Tf"},"content":{"rendered":"<p>Descri\u00e7\u00e3o<\/p>\n<p>Esta\u00e7\u00e3o de ancoragem 12 em 1<\/p>\n<p>USB-C para conectar v\u00e1rias portas. 2x HDMI, 1x VGA, 3x USB3.0, 1x USB-C, 1x USB-C (somente carregamento), 1x porta de fone de ouvido de \u00e1udio de 3,5 mm, 1x SD, 1x TF, 1x RJ45.<\/p>\n<p>Tela tripla HDMI+HDMI+VGA<\/p>\n<p>USB-C para 3 monitores. Suporte 2 HDMI 3840&#215;2160@30Hz, VGA 1920X1080@60Hz, para modo estendido e modo espelho no sistema Windows e no sistema Mac OS.<\/p>\n<p>transmiss\u00e3o de alta velocidade<\/p>\n<p>3 portas USB 3.0 integradas e 1 porta tipo C, a taxa de transfer\u00eancia \u00e9 de at\u00e9 5,0 Gbps, o que \u00e9 mais adequado para transferir arquivos grandes, e o USB 3.0 tamb\u00e9m pode conectar um teclado e mouse. O slot para cart\u00e3o SD \/ TF suporta a leitura de at\u00e9 512 cart\u00f5es de mem\u00f3ria, o que \u00e9 conveniente para a leitura de dados.<\/p>\n<p>Design personalizado<\/p>\n<p>A docking station pode ser colocada na parte inferior do laptop, resfriando efetivamente o laptop, e o tamanho do bolso \u00e9 muito conveniente para usar a qualquer momento.<\/p>\n<p>Alta compatibilidade<\/p>\n<p>Este USB C Dock \u00e9 compat\u00edvel com dispositivos compat\u00edveis com Thunderbolt 3, MacBook, MacBook Air\/Pro, iMac\/iMac Pro, Chromebook Pixel, Dell, ASUS, HP, Lenovo e outros laptops Tipo C.<\/p>\n","protected":false},"excerpt":{"rendered":"<p>Descri\u00e7\u00e3o Esta\u00e7\u00e3o de ancoragem 12 em 1 USB-C para conectar v\u00e1rias portas. 2x HDMI, 1x VGA, 3x USB3.0, 1x USB-C, 1x USB-C (somente carregamento), 1x porta de fone de ouvido de \u00e1udio de 3,5 mm, 1x SD, 1x TF, 1x &hellip; <a href=\"https:\/\/mistersates-import.com.br\/loja\/product\/hub-adaptador-12-em-1-tipo-c-usb-3-0-hdmi-rj45-micro-sd-tf\/\">Readmore<\/a><\/p>\n","protected":false},"featured_media":18322,"template":"","meta":{"_joinchat":[]},"_links":{"self":[{"href":"https:\/\/mistersates-import.com.br\/loja\/wp-json\/wp\/v2\/product\/18321"}],"collection":[{"href":"https:\/\/mistersates-import.com.br\/loja\/wp-json\/wp\/v2\/product"}],"about":[{"href":"https:\/\/mistersates-import.com.br\/loja\/wp-json\/wp\/v2\/types\/product"}],"wp:featuredmedia":[{"embeddable":true,"href":"https:\/\/mistersates-import.com.br\/loja\/wp-json\/wp\/v2\/media\/18322"}],"wp:attachment":[{"href":"https:\/\/mistersates-import.com.br\/loja\/wp-json\/wp\/v2\/media?parent=18321"}],"curies":[{"name":"wp","href":"https:\/\/api.w.org\/{rel}","templated":true}]}}