{"id":18337,"date":"2024-03-18T12:02:12","date_gmt":"2024-03-18T15:02:12","guid":{"rendered":"https:\/\/mistersates-import.com.br\/loja\/?post_type=product&#038;p=18337"},"modified":"2024-09-03T18:29:50","modified_gmt":"2024-09-03T21:29:50","slug":"testador-de-leds-tv-note-etc-c-ajuste-automatico-0-300v","status":"publish","type":"product","link":"https:\/\/mistersates-import.com.br\/loja\/product\/testador-de-leds-tv-note-etc-c-ajuste-automatico-0-300v\/","title":{"rendered":"Testador De Leds Tv , Note Etc C\/ Ajuste Autom\u00e1tico 0-300v"},"content":{"rendered":"<p>Informa\u00e7\u00f5es Gerais<\/p>\n<p>Descri\u00e7\u00e3o<\/p>\n<p>Recursos da tecnologia Black do novo testador de TV LED:<\/p>\n<p>Requintado e compacto, com regula\u00e7\u00e3o autom\u00e1tica de tens\u00e3o, bola de l\u00e2mpada que n\u00e3o queima em curto-circuito, f\u00e1cil de verificar falhas sem desmontar a tela e qualidade est\u00e1vel.<\/p>\n<p>Introdu\u00e7\u00e3o:<\/p>\n<p>O problema de retroilumina\u00e7\u00e3o das telas de TV LED est\u00e1 se tornando cada vez mais comum. Usando este produto, n\u00e3o h\u00e1 necessidade de capturar a tela ao testar a retroilumina\u00e7\u00e3o LED. Voc\u00ea pode encontrar facilmente a faixa de LED porque n\u00e3o precisa desmontar a TV LED para verificar a faixa de LED, o que pode economizar muito tempo. Este testador de retroilumina\u00e7\u00e3o LED pode localizar o LED defeituoso na faixa autom\u00e1tica de regula\u00e7\u00e3o de tens\u00e3o e corrente em poucos segundos. Se houver um problema com a fita de LED, a fita de LED com defeito pode ser substitu\u00edda ou substitu\u00edda. A camada de isolamento do transformador \u00e9 resistente ao calor e ao frio, protegendo voc\u00ea da eletricidade, para que voc\u00ea possa us\u00e1-lo com confian\u00e7a. Adequado para todas as s\u00e9ries de pain\u00e9is e faixas de luz, \u00e9 a escolha ideal para ferramentas de detec\u00e7\u00e3o e manuten\u00e7\u00e3o de ilumina\u00e7\u00e3o! Esta \u00e9 uma boa ferramenta para todas as tecnologias. Pode ser inspecionado por um longo tempo sem danificar a l\u00e2mpada.<\/p>\n<p>Especifica\u00e7\u00f5es:<\/p>\n<p>Tens\u00e3o de entrada: AC85V-265V Tens\u00e3o de sa\u00edda: 0-300V Corrente de sa\u00edda: 0-35mA Tamanho: 10,3&#215;7,5&#215;3,6cm<\/p>\n<p>Recursos da tecnologia Black do novo testador de TV LED:<\/p>\n<p>Requintado e compacto, com regula\u00e7\u00e3o autom\u00e1tica de tens\u00e3o, bola de l\u00e2mpada que n\u00e3o queima em curto-circuito, f\u00e1cil de verificar falhas sem desmontar a tela e qualidade est\u00e1vel.<\/p>\n<p>Introdu\u00e7\u00e3o:<\/p>\n<p>O problema de retroilumina\u00e7\u00e3o das telas de TV LED est\u00e1 se tornando cada vez mais comum. Usando este produto, n\u00e3o h\u00e1 necessidade de capturar a tela ao testar a retroilumina\u00e7\u00e3o LED. Voc\u00ea pode encontrar facilmente a faixa de LED porque n\u00e3o precisa desmontar a TV LED para verificar a faixa de LED, o que pode economizar muito tempo. Este testador de retroilumina\u00e7\u00e3o LED pode localizar o LED defeituoso na faixa autom\u00e1tica de regula\u00e7\u00e3o de tens\u00e3o e corrente em poucos segundos. Se houver um problema com a fita de LED, a fita de LED com defeito pode ser substitu\u00edda ou substitu\u00edda. A camada de isolamento do transformador \u00e9 resistente ao calor e ao frio, protegendo voc\u00ea da eletricidade, para que voc\u00ea possa us\u00e1-lo com confian\u00e7a. Adequado para todas as s\u00e9ries de pain\u00e9is e faixas de luz, \u00e9 a escolha ideal para ferramentas de detec\u00e7\u00e3o e manuten\u00e7\u00e3o de ilumina\u00e7\u00e3o! Esta \u00e9 uma boa ferramenta para todas as tecnologias. Pode ser inspecionado por um longo tempo sem danificar a l\u00e2mpada.<\/p>\n<p>Especifica\u00e7\u00f5es:<\/p>\n<p>Tens\u00e3o de entrada: AC85V-265V<\/p>\n<p>Tens\u00e3o de sa\u00edda: 0-300V<\/p>\n<p>Corrente de sa\u00edda: 0-35ma<\/p>\n<p>Tamanho: 10,3&#215;7,5&#215;3,6cm<\/p>\n","protected":false},"excerpt":{"rendered":"<p>Informa\u00e7\u00f5es Gerais Descri\u00e7\u00e3o Recursos da tecnologia Black do novo testador de TV LED: Requintado e compacto, com regula\u00e7\u00e3o autom\u00e1tica de tens\u00e3o, bola de l\u00e2mpada que n\u00e3o queima em curto-circuito, f\u00e1cil de verificar falhas sem desmontar a tela e qualidade est\u00e1vel. &hellip; <a href=\"https:\/\/mistersates-import.com.br\/loja\/product\/testador-de-leds-tv-note-etc-c-ajuste-automatico-0-300v\/\">Readmore<\/a><\/p>\n","protected":false},"featured_media":18338,"template":"","meta":{"_joinchat":[]},"_links":{"self":[{"href":"https:\/\/mistersates-import.com.br\/loja\/wp-json\/wp\/v2\/product\/18337"}],"collection":[{"href":"https:\/\/mistersates-import.com.br\/loja\/wp-json\/wp\/v2\/product"}],"about":[{"href":"https:\/\/mistersates-import.com.br\/loja\/wp-json\/wp\/v2\/types\/product"}],"wp:featuredmedia":[{"embeddable":true,"href":"https:\/\/mistersates-import.com.br\/loja\/wp-json\/wp\/v2\/media\/18338"}],"wp:attachment":[{"href":"https:\/\/mistersates-import.com.br\/loja\/wp-json\/wp\/v2\/media?parent=18337"}],"curies":[{"name":"wp","href":"https:\/\/api.w.org\/{rel}","templated":true}]}}