{"id":18357,"date":"2024-05-14T17:34:48","date_gmt":"2024-05-14T20:34:48","guid":{"rendered":"https:\/\/mistersates-import.com.br\/loja\/?post_type=product&#038;p=18357"},"modified":"2024-07-06T12:17:42","modified_gmt":"2024-07-06T15:17:42","slug":"projetor-display-holograma-3d-led-ventilador-holografico-cor-preto-110v-220v","status":"publish","type":"product","link":"https:\/\/mistersates-import.com.br\/loja\/product\/projetor-display-holograma-3d-led-ventilador-holografico-cor-preto-110v-220v\/","title":{"rendered":"Projetor Display Holograma 3d Led Ventilador Hologr\u00e1fico Cor Preto 110V\/220V"},"content":{"rendered":"<p>Informa\u00e7\u00f5es Gerais<\/p>\n<p>PD42 3D Holograma Projetor Ventilador Wifi Display Neg\u00f3cios Publicidade Logotipo Luz Hologr\u00e1fica L\u00e2mpada Projetores L\u00e2mina do ventilador substitu\u00edvel<\/p>\n<p>Padr\u00e3o PD42<\/p>\n<p>Exibir Di\u00e2metro (MM) 415*415<\/p>\n<p>Defini\u00e7\u00e3o 1024*640<\/p>\n<p>N\u00famero de contas da l\u00e2mpada 244<\/p>\n<p>Pot\u00eancia nominal 18W<\/p>\n<p>Pot\u00eancia sa\u00edda tens\u00e3o 12V2A<\/p>\n<p>Controlo a dist\u00e2ncia (Multi-fun\u00e7\u00e3o) \u221a<\/p>\n<p>TF 16G cart\u00e3o mem\u00f3ria<\/p>\n<p>\u00c1udio Bluetooth \u00d7<\/p>\n<p>Multi-Canal emenda \u00d7<\/p>\n<p>Multi-sincroniza\u00e7\u00e3o \u221a<\/p>\n<p>Cart\u00e3o\/computador de encaixe do sistema do apoio do software<\/p>\n<p>Fundi\u00e7\u00e3o wireless \u00d7<\/p>\n<p>Ajuste do brilho \u221a<\/p>\n<p>Ajuste do \u00e2ngulo \u221a<\/p>\n<p>Tamanho do pacote (mil\u00edmetro) 254*144*58<\/p>\n<p>Peso do pacote (quilograma) 0,44<\/p>\n<p>&nbsp;<\/p>\n<div class=\"entry-content-asset\"><iframe loading=\"lazy\" title=\"Projetor Display Holograma 3d Led Ventilador Hologr\u00e1fico Cor Preto 110V\/220V\" width=\"100%\" height=\"705\" src=\"https:\/\/www.youtube.com\/embed\/LLuryN_-vqs?feature=oembed\" frameborder=\"0\" allow=\"accelerometer; autoplay; clipboard-write; encrypted-media; gyroscope; picture-in-picture; web-share\" referrerpolicy=\"strict-origin-when-cross-origin\" allowfullscreen><\/iframe><\/div>\n","protected":false},"excerpt":{"rendered":"<p>Informa\u00e7\u00f5es Gerais PD42 3D Holograma Projetor Ventilador Wifi Display Neg\u00f3cios Publicidade Logotipo Luz Hologr\u00e1fica L\u00e2mpada Projetores L\u00e2mina do ventilador substitu\u00edvel Padr\u00e3o PD42 Exibir Di\u00e2metro (MM) 415*415 Defini\u00e7\u00e3o 1024*640 N\u00famero de contas da l\u00e2mpada 244 Pot\u00eancia nominal 18W Pot\u00eancia sa\u00edda tens\u00e3o &hellip; <a href=\"https:\/\/mistersates-import.com.br\/loja\/product\/projetor-display-holograma-3d-led-ventilador-holografico-cor-preto-110v-220v\/\">Readmore<\/a><\/p>\n","protected":false},"featured_media":18369,"template":"","meta":{"_joinchat":[]},"_links":{"self":[{"href":"https:\/\/mistersates-import.com.br\/loja\/wp-json\/wp\/v2\/product\/18357"}],"collection":[{"href":"https:\/\/mistersates-import.com.br\/loja\/wp-json\/wp\/v2\/product"}],"about":[{"href":"https:\/\/mistersates-import.com.br\/loja\/wp-json\/wp\/v2\/types\/product"}],"wp:featuredmedia":[{"embeddable":true,"href":"https:\/\/mistersates-import.com.br\/loja\/wp-json\/wp\/v2\/media\/18369"}],"wp:attachment":[{"href":"https:\/\/mistersates-import.com.br\/loja\/wp-json\/wp\/v2\/media?parent=18357"}],"curies":[{"name":"wp","href":"https:\/\/api.w.org\/{rel}","templated":true}]}}