{"id":18371,"date":"2024-05-14T19:47:19","date_gmt":"2024-05-14T22:47:19","guid":{"rendered":"https:\/\/mistersates-import.com.br\/loja\/?post_type=product&#038;p=18371"},"modified":"2024-07-02T21:43:39","modified_gmt":"2024-07-03T00:43:39","slug":"kit-2-roteador-wireless-2-4-ghz-8dbi-300mbps-acesso-ar-livre-500-mts","status":"publish","type":"product","link":"https:\/\/mistersates-import.com.br\/loja\/product\/kit-2-roteador-wireless-2-4-ghz-8dbi-300mbps-acesso-ar-livre-500-mts\/","title":{"rendered":"Kit 2 Roteador Wireless 2.4 Ghz 8dbi 300mbps Acesso Ar Livre 500 mts"},"content":{"rendered":"<p>Descri\u00e7\u00e3o<\/p>\n<p>Kit 2 Roteador Wireless (cpe) 2.4 Ghz 8dbi Tenda<\/p>\n<p>Ponto de acesso ao ar livre, longo alcance inteligente roteador, antena sem fio 8dBi de transmiss\u00e3o, imperme\u00e1vel CPE, 2.4GHz PoE, velocidade de at\u00e9 300Mbps<\/p>\n<p>Sobre este item:<\/p>\n<p>-2.4GHz 11n 300Mbps: A velocidade sem fio m\u00e1xima pode chegar a 300Mbps na faixa de frequ\u00eancia de 2.4GHz<\/p>\n<p>-500 metros de Transmiss\u00e3o: Os cpe se integram a uma antena direcional de 8dBi para fornecer qualidade de transmiss\u00e3o otimizada, mantendo um sinal est\u00e1vel nos climas mais diversos em uma dist\u00e2ncia ideal de at\u00e9 500 metros.<\/p>\n<p>-Auto-ponte para dois dispositivos: Adotam a tecnologia de ponte autom\u00e1tica, os dois cpe se conectam uns aos outros facilmente.<\/p>\n<p>-Conex\u00e3o sem fio a longa dist\u00e2ncia:Um funciona como modo AP e outro funciona como modo Station para criar uma conex\u00e3o sem fio PtP de longa dist\u00e2ncia para conectividade sem fio ISP privado, vigil\u00e2ncia CCTV e transmiss\u00e3o de dados.<\/p>\n<p>-Modo WISP (cliente mais roteador): Conecte-se sem fio a uma esta\u00e7\u00e3o WISP\/hotspot para compartilhar a Internet em uma rede local com e sem fio.<\/p>\n<p>Projeto exterior profissional: Equipado com estojo imperme\u00e1vel IP65 e design de hardware de alta qualidade, pode trabalhar em v\u00e1rias condi\u00e7\u00f5es clim\u00e1ticas, como sol, chuva ou ambiente de temperatura extremamente baixa\/alta.<\/p>\n","protected":false},"excerpt":{"rendered":"<p>Descri\u00e7\u00e3o Kit 2 Roteador Wireless (cpe) 2.4 Ghz 8dbi Tenda Ponto de acesso ao ar livre, longo alcance inteligente roteador, antena sem fio 8dBi de transmiss\u00e3o, imperme\u00e1vel CPE, 2.4GHz PoE, velocidade de at\u00e9 300Mbps Sobre este item: -2.4GHz 11n 300Mbps: &hellip; <a href=\"https:\/\/mistersates-import.com.br\/loja\/product\/kit-2-roteador-wireless-2-4-ghz-8dbi-300mbps-acesso-ar-livre-500-mts\/\">Readmore<\/a><\/p>\n","protected":false},"featured_media":18381,"template":"","meta":{"_joinchat":[]},"_links":{"self":[{"href":"https:\/\/mistersates-import.com.br\/loja\/wp-json\/wp\/v2\/product\/18371"}],"collection":[{"href":"https:\/\/mistersates-import.com.br\/loja\/wp-json\/wp\/v2\/product"}],"about":[{"href":"https:\/\/mistersates-import.com.br\/loja\/wp-json\/wp\/v2\/types\/product"}],"wp:featuredmedia":[{"embeddable":true,"href":"https:\/\/mistersates-import.com.br\/loja\/wp-json\/wp\/v2\/media\/18381"}],"wp:attachment":[{"href":"https:\/\/mistersates-import.com.br\/loja\/wp-json\/wp\/v2\/media?parent=18371"}],"curies":[{"name":"wp","href":"https:\/\/api.w.org\/{rel}","templated":true}]}}