{"id":18399,"date":"2024-05-20T18:11:43","date_gmt":"2024-05-20T21:11:43","guid":{"rendered":"https:\/\/mistersates-import.com.br\/loja\/?post_type=product&#038;p=18399"},"modified":"2024-09-04T11:25:46","modified_gmt":"2024-09-04T14:25:46","slug":"camera-inspecao-industrial-boroscopio-tela-4-3-10-metros","status":"publish","type":"product","link":"https:\/\/mistersates-import.com.br\/loja\/product\/camera-inspecao-industrial-boroscopio-tela-4-3-10-metros\/","title":{"rendered":"C\u00e2mera Inspe\u00e7\u00e3o Industrial Boroscopio Tela 4.3 10 Metros"},"content":{"rendered":"<p>Informa\u00e7\u00f5es Gerais<\/p>\n<p>C\u00e2mera de alta resolu\u00e7\u00e3o:Capture imagens n\u00edtidas e detalhadas com a c\u00e2mera HD 1080P, perfeita para inspecionar tubos e esgotos.<\/p>\n<p>IP67 imperme\u00e1vel:Projetado para ser imperme\u00e1vel ao padr\u00e3o IP67, este endosc\u00f3pio \u00e9 ideal para inspe\u00e7\u00f5es subaqu\u00e1ticas.<\/p>\n<p>Tela IPS de 4,3 polegadas:O endosc\u00f3pio possui uma tela IPS de 4,3 polegadas, proporcionando cores vibrantes e amplos \u00e2ngulos de vis\u00e3o para qualidade de imagem superior.<\/p>\n<p>Lente 8mm:Equipado com uma lente de 8mm, este endosc\u00f3pio pode alcan\u00e7ar espa\u00e7os apertados para inspe\u00e7\u00f5es abrangentes.<\/p>\n<p>Uso vers\u00e1til:Desde inspe\u00e7\u00f5es automotivas at\u00e9 manuten\u00e7\u00e3o de tubula\u00e7\u00f5es, este endosc\u00f3pio \u00e9 uma ferramenta vers\u00e1til para v\u00e1rias aplica\u00e7\u00f5es.<\/p>\n<p>Confiabilidade Marca:Produzido pela INSKAM, uma marca confi\u00e1vel da China Continental, garantindo alta qualidade e durabilidade.<\/p>\n<p>Bateria longa vida \u00fatil:Com uma bateria de 2000mAh, a c\u00e2mera pode durar horas com uma \u00fanica carga, tornando-a perfeita para inspe\u00e7\u00f5es longas ou reparos.<\/p>\n<p>&nbsp;<\/p>\n<p>Caracter\u00edstica:<\/p>\n<p>1,4.3 polegadas tela\/2,4 polegadas<\/p>\n<p>2. C\u00e2mera imperme\u00e1vel IP67.<\/p>\n<p>3. Build-In 2000mah bateria por 3-5 horas de trabalho.<\/p>\n<p>4. Projeto ergon\u00f4mico \u00e0 m\u00e3o para a opera\u00e7\u00e3o confort\u00e1vel. Cabo r\u00edgido pode facilmente moldar o que voc\u00ea precisa.<\/p>\n<p>5. Equipped com os acess\u00f3rios adequados, gancho, \u00edm\u00e3, que podem adaptar-se a uma variedade de ambientes<\/p>\n<p>Par\u00e2metro:<\/p>\n<p>Comprimento do cabo: 10 mts<\/p>\n<p>Monitor: tela IPS colorida de 4,3 polegadas\/2,4 polegadas<\/p>\n<p>C\u00e2mera Resolu\u00e7\u00e3o: 1920*1080<\/p>\n<p>Vis\u00e3o Horizontal \u00c2ngulo: 70 \u00b0<\/p>\n<p>Dist\u00e2ncia focal: 4-10cm<\/p>\n<p>N\u00edvel imperme\u00e1vel: IP67 (somente para o cabo da lente)<\/p>\n<p>Lente Di\u00e2metro: 8mm<\/p>\n<p>Bateria: 1 * Lithium Battery, 3.7V, 2000mah<\/p>\n<p>Luz LED: 8PCs para 8mm lente c\u00e2mera<\/p>\n<p>Porta de carga: Tipo C<\/p>\n<p>Profundidade de campo: 2-10cm<\/p>\n<p>Temperatura:-10 \u2103-50 \u2103<\/p>\n<p>Aplica\u00e7\u00e3o:<\/p>\n<p>1. Revis\u00e3o do carro.<br \/>\n2. Verifique o vazamento na parede.<br \/>\n3. Verifique o tanque de gasolina.<br \/>\n4. Verifique o tubo de drenagem no chuveiro.<br \/>\n5. Verifique o vazamento hidr\u00e1ulico.<br \/>\n6. Descubra pequenos pontos que precisam ser corrigidos.<\/p>\n<p>O pacote inclui:<\/p>\n<p>Inspe\u00e7\u00e3o c\u00e2mera * 1<br \/>\nEmbalagem box * 1<br \/>\nInstru\u00e7\u00e3o manual * 1<br \/>\nCarregamento cabo * 1<br \/>\nGancho + \u00edm\u00e3 + espelho retrovisor lateral (apenas o \u00fanico len tem isso)<\/p>\n","protected":false},"excerpt":{"rendered":"<p>Informa\u00e7\u00f5es Gerais C\u00e2mera de alta resolu\u00e7\u00e3o:Capture imagens n\u00edtidas e detalhadas com a c\u00e2mera HD 1080P, perfeita para inspecionar tubos e esgotos. IP67 imperme\u00e1vel:Projetado para ser imperme\u00e1vel ao padr\u00e3o IP67, este endosc\u00f3pio \u00e9 ideal para inspe\u00e7\u00f5es subaqu\u00e1ticas. Tela IPS de 4,3 &hellip; <a href=\"https:\/\/mistersates-import.com.br\/loja\/product\/camera-inspecao-industrial-boroscopio-tela-4-3-10-metros\/\">Readmore<\/a><\/p>\n","protected":false},"featured_media":18401,"template":"","meta":{"_joinchat":[]},"_links":{"self":[{"href":"https:\/\/mistersates-import.com.br\/loja\/wp-json\/wp\/v2\/product\/18399"}],"collection":[{"href":"https:\/\/mistersates-import.com.br\/loja\/wp-json\/wp\/v2\/product"}],"about":[{"href":"https:\/\/mistersates-import.com.br\/loja\/wp-json\/wp\/v2\/types\/product"}],"wp:featuredmedia":[{"embeddable":true,"href":"https:\/\/mistersates-import.com.br\/loja\/wp-json\/wp\/v2\/media\/18401"}],"wp:attachment":[{"href":"https:\/\/mistersates-import.com.br\/loja\/wp-json\/wp\/v2\/media?parent=18399"}],"curies":[{"name":"wp","href":"https:\/\/api.w.org\/{rel}","templated":true}]}}