{"id":18409,"date":"2024-05-27T12:28:45","date_gmt":"2024-05-27T15:28:45","guid":{"rendered":"https:\/\/mistersates-import.com.br\/loja\/?post_type=product&#038;p=18409"},"modified":"2024-09-10T13:18:18","modified_gmt":"2024-09-10T16:18:18","slug":"rfid-carteira-de-cartao-de-credito-para-homens-e-mulheres","status":"publish","type":"product","link":"https:\/\/mistersates-import.com.br\/loja\/product\/rfid-carteira-de-cartao-de-credito-para-homens-e-mulheres\/","title":{"rendered":"Rfid Carteira de Cart\u00e3o de Cr\u00e9dito para Homens e Mulheres"},"content":{"rendered":"<p>Descri\u00e7\u00e3o<\/p>\n<p>Caracter\u00edstica:<\/p>\n<p>Bot\u00e3o pop-out: Fornece abertura pop-out conveniente para que voc\u00ea n\u00e3o tenha que perder tempo com z\u00edperes. Este projeto pode proteger itens de cair acidentalmente. Acesse seus fundamentos em segundos, e olhar dang bom faz\u00ea-lo.<\/p>\n<p>Material: Alum\u00ednio metal<br \/>\nCor: preto<br \/>\nCapacidade: cart\u00f5es + dinheiro<br \/>\nTamanho: 9,6*6,2*1,5 cm<br \/>\nEstilo: Magro, Minimalismo<\/p>\n<p>Pacote inclu\u00eddo:<\/p>\n<p>1 * Titular<\/p>\n","protected":false},"excerpt":{"rendered":"<p>Descri\u00e7\u00e3o Caracter\u00edstica: Bot\u00e3o pop-out: Fornece abertura pop-out conveniente para que voc\u00ea n\u00e3o tenha que perder tempo com z\u00edperes. Este projeto pode proteger itens de cair acidentalmente. Acesse seus fundamentos em segundos, e olhar dang bom faz\u00ea-lo. Material: Alum\u00ednio metal Cor: &hellip; <a href=\"https:\/\/mistersates-import.com.br\/loja\/product\/rfid-carteira-de-cartao-de-credito-para-homens-e-mulheres\/\">Readmore<\/a><\/p>\n","protected":false},"featured_media":18410,"template":"","meta":{"_joinchat":[]},"_links":{"self":[{"href":"https:\/\/mistersates-import.com.br\/loja\/wp-json\/wp\/v2\/product\/18409"}],"collection":[{"href":"https:\/\/mistersates-import.com.br\/loja\/wp-json\/wp\/v2\/product"}],"about":[{"href":"https:\/\/mistersates-import.com.br\/loja\/wp-json\/wp\/v2\/types\/product"}],"wp:featuredmedia":[{"embeddable":true,"href":"https:\/\/mistersates-import.com.br\/loja\/wp-json\/wp\/v2\/media\/18410"}],"wp:attachment":[{"href":"https:\/\/mistersates-import.com.br\/loja\/wp-json\/wp\/v2\/media?parent=18409"}],"curies":[{"name":"wp","href":"https:\/\/api.w.org\/{rel}","templated":true}]}}