{"id":18416,"date":"2024-05-29T12:02:52","date_gmt":"2024-05-29T15:02:52","guid":{"rendered":"https:\/\/mistersates-import.com.br\/loja\/?post_type=product&#038;p=18416"},"modified":"2024-05-29T12:02:53","modified_gmt":"2024-05-29T15:02:53","slug":"game-stick-retro-20000-jogos-video-game-4k-64gb-2-4g-hdmi-2-controles","status":"publish","type":"product","link":"https:\/\/mistersates-import.com.br\/loja\/product\/game-stick-retro-20000-jogos-video-game-4k-64gb-2-4g-hdmi-2-controles\/","title":{"rendered":"Game Stick Retro 20000 Jogos Video Game 4K 64gb 2.4g Hdmi 2 Controles"},"content":{"rendered":"<p>Descri\u00e7\u00e3o:<\/p>\n<p>Informa\u00e7\u00f5es Gerais<\/p>\n<p>HDMI compat\u00edvel com Video Game Stick 4K Console COM 20.000 JOGOS<\/p>\n<p>O mini jogo port\u00e1til stick 4K TV jogos tem um corpo leve e compacto. Plug and play, n\u00e3o ocupa muito espa\u00e7o, e \u00e9 f\u00e1cil de transportar, adequado para viagens e uso dom\u00e9stico.<br \/>\nEste console de videogame \u00e9 adequado para TV\/computador\/monitor\/projetor de ultra alta defini\u00e7\u00e3o, suporta conex\u00e3o compat\u00edvel com HDMI, tem qualidade de imagem HD 1080p,<br \/>\nE pode desfrutar de videogames animados e interessantes na tela grande.<\/p>\n<p>Suporte 9 Formatos do jogo<\/p>\n<p>Com o chip de CPU GB2 atualizado, o console de jogos de TV 4K \u00e9 integrado em mais de 9 emuladores, compat\u00edveis com MAME, PS1, GB, GBA, GBC, MD, SFC, FC e ATARI formatar jogos, que voc\u00ea pode baixar e salvar em seu cart\u00e3o de mem\u00f3ria;<\/p>\n<p>Atualizado Retro Inteligente Jogo U Disk<\/p>\n<p>Console de jogos de TV sem fio com mais de 10000 tipos de jogos ricos instalado, 9 emuladores que suportam v\u00e1rios jogos s\u00e3o instalados e um cart\u00e3o TF de 32GB \u00e9 anexado. Use chips de jogos atualizados para suportar emuladores de 8 bits, 16 bits, 32 bits, 64 bits, 128 bits e outros.<br \/>\nEle atende perfeitamente \u00e0s suas necessidades de qualidade de imagem e flu\u00eancia do jogo.<\/p>\n<p>Controlador sem fio 2.4GHz<\/p>\n<p>Equipado com dois 2.4Ghz wireless TV jogos controladores.<br \/>\nSuporta at\u00e9 4 jogadores ao mesmo tempo, voc\u00ea pode controlar remotamente e desfrutar do jogo no sof\u00e1 com sua fam\u00edlia ou amigos.<\/p>\n<p>Vers\u00e3o atualizada<\/p>\n<p>Suporte 25 idiomas. O mais recente console de jogos de TV sem fio, com cart\u00e3o de mem\u00f3ria 64G, built-in mais de 10000 jogos, pesquis\u00e1vel, colecion\u00e1vel, arquiv\u00e1vel e apoi\u00e1-lo para baixar seus jogos favoritos;<\/p>\n<p>Baixar Passos do Jogo<\/p>\n<p>Passo 1: Baixar arquivo do jogo<br \/>\nPasso 2: Conecte o cart\u00e3o TF ao computador com o leitor de cart\u00f5es<br \/>\nPasso 3: Copie os arquivos do jogo para a pasta correspondente (o nome do emulador)<br \/>\nPasso 4: Insira o cart\u00e3o no console de jogos, conecte o console de jogos e ligue-o<br \/>\nPasso 5: Encontre o seu jogo e come\u00e7ar a jogar (voc\u00ea pode usar a fun\u00e7\u00e3o de pesquisa)<\/p>\n<p>16 bit 4k Wireless TV Video Console Para SNES GAME<\/p>\n<p>De divers\u00e3o de inf\u00e2ncia e mem\u00f3rias para este controlador de videogame, \u00e9 boas lembran\u00e7as da gera\u00e7\u00e3o dos anos 80 e 90.<br \/>\nEsta m\u00e1quina de jogos \u00e9 cuidadosamente constru\u00edda com 3000 jogos SFC + 50 jogos RU + 166 jogos Portugal.<br \/>\nO controlador sem fio permite que voc\u00ea jogue jogos sem problemas.<br \/>\nApoie duas pessoas para jogar a guerra, \u00e9 muito divertido! Controlador com 6 bot\u00f5es do funtion, experi\u00eancia super do jogo!<\/p>\n<p>Console De Videogame Para Sega Genesis Game<\/p>\n<p>Este console do jogo para sega usa um projeto cl\u00e1ssico do gamepad do jogo! O gamepad com 6 bot\u00f5es funcionais, experi\u00eancia gaming soberba! Suporte baixar jogos e salvar jogos. Built-in 900 jogos cl\u00e1ssicos de sega e 250 jogos russos. Este console do jogo suporta dois jogadores, muito divertido!<\/p>\n<p>Pacote inclui<\/p>\n<p>1 x jogo vara Console<br \/>\n1 x receptor Wireless<br \/>\n2 x controlador<br \/>\n1 x Carregar cabo<br \/>\n1 x Manual do usu\u00e1rio<br \/>\n1 x cabo HD<br \/>\nCart\u00e3o do TF 64 GB<\/p>\n<p>&nbsp;<\/p>\n","protected":false},"excerpt":{"rendered":"<p>Descri\u00e7\u00e3o: Informa\u00e7\u00f5es Gerais HDMI compat\u00edvel com Video Game Stick 4K Console COM 20.000 JOGOS O mini jogo port\u00e1til stick 4K TV jogos tem um corpo leve e compacto. Plug and play, n\u00e3o ocupa muito espa\u00e7o, e \u00e9 f\u00e1cil de transportar, &hellip; <a href=\"https:\/\/mistersates-import.com.br\/loja\/product\/game-stick-retro-20000-jogos-video-game-4k-64gb-2-4g-hdmi-2-controles\/\">Readmore<\/a><\/p>\n","protected":false},"featured_media":18417,"template":"","meta":{"_joinchat":[]},"_links":{"self":[{"href":"https:\/\/mistersates-import.com.br\/loja\/wp-json\/wp\/v2\/product\/18416"}],"collection":[{"href":"https:\/\/mistersates-import.com.br\/loja\/wp-json\/wp\/v2\/product"}],"about":[{"href":"https:\/\/mistersates-import.com.br\/loja\/wp-json\/wp\/v2\/types\/product"}],"wp:featuredmedia":[{"embeddable":true,"href":"https:\/\/mistersates-import.com.br\/loja\/wp-json\/wp\/v2\/media\/18417"}],"wp:attachment":[{"href":"https:\/\/mistersates-import.com.br\/loja\/wp-json\/wp\/v2\/media?parent=18416"}],"curies":[{"name":"wp","href":"https:\/\/api.w.org\/{rel}","templated":true}]}}