{"id":18428,"date":"2024-06-03T19:11:52","date_gmt":"2024-06-03T22:11:52","guid":{"rendered":"https:\/\/mistersates-import.com.br\/loja\/?post_type=product&#038;p=18428"},"modified":"2024-07-16T08:43:50","modified_gmt":"2024-07-16T11:43:50","slug":"roteador-repetidor-wi-fi-6-mesh-xiaomi-mi-ax3000-versao-chinesa","status":"publish","type":"product","link":"https:\/\/mistersates-import.com.br\/loja\/product\/roteador-repetidor-wi-fi-6-mesh-xiaomi-mi-ax3000-versao-chinesa\/","title":{"rendered":"Roteador \/ Repetidor Wi-fi 6 Mesh Xiaomi Mi Ax3000 VERS\u00c3O CHINESA"},"content":{"rendered":"<p>Informa\u00e7\u00f5es Gerais<\/p>\n<p>Gigabit Amplificador :Aumente sua velocidade de internet com o amplificador gigabit que fornece conex\u00f5es mais r\u00e1pidas e est\u00e1veis.<\/p>\n<p>5GHz Mijia Aplicativo :Conecte-se facilmente ao seu roteador com o aplicativo Mijia que permite controlar suas configura\u00e7\u00f5es de internet de qualquer lugar.<\/p>\n<p>Malha Super :Crie uma rede wifi forte e est\u00e1vel com o recurso de super malha que estende o seu alcance de sinal.<\/p>\n<p>Wi-Fi 802.11g :Desfrute de conex\u00f5es de internet mais r\u00e1pidas e confi\u00e1veis com o mais recente padr\u00e3o Wi-Fi 802.11g.<\/p>\n<p>Xiaomi Router AX3000: WiFi6 poderoso, 3000M rede r\u00e1pida<\/p>\n<p>Drama de fluxo ao vivo de taxa sem fio de 3000M sem stuting.mo re alta defini\u00e7\u00e3o: Usando uma nova gera\u00e7\u00e3o de tecnologia WiFi6, a taxa sem fio de banda dupla \u00e9 de at\u00e9 2976Mbps &#8220;,<br \/>\no que \u00e9 155% % maior do que o AC1200 convencional, e a velocidade da internet ainda mais r\u00e1pida<\/p>\n<p>Largura de banda de alta frequ\u00eancia de 5G 160MHz dobrada, velocidade dobrada. A banda de frequ\u00eancia 5G suporta 2x2160MHz. Precisa ser usado na banda de frequ\u00eancia 5G com equipamentos que suporte160MHz Comparado com a largura de banda tradicional de 80MHz,<br \/>\na largura de banda \u00e9 duplicada, e a taxa te\u00f3rica tamb\u00e9m \u00e9 duplicada &#8220;Conex\u00e3o multi-dispositivo tamb\u00e9m tem uma velocidade de rede suave<\/p>\n<p>Transmiss\u00e3o eficiente OFDMA Surf com v\u00e1rios dispositivos:A tecnologia OFDMA permite que a transmiss\u00e3o de dados de v\u00e1rios dispositivos se torne completa em uma transmiss\u00e3o, e v\u00e1rios dispositivos est\u00e3o online ao mesmo tempo,<br \/>\ne os dados tamb\u00e9m podem ser transmitidos com efici\u00eancia. O atraso da rede \u00e9 menor e os blackis ligados de forma mais suave.<\/p>\n<p>O poderoso desempenho WiFi6Stable \u00e9 mais confi\u00e1vel:Uma nova gera\u00e7\u00e3o de chips Super opera\u00e7\u00e3o est\u00e1vel da Qualcomm sem conex\u00e3o dropp ingthe<\/p>\n<p>Acelera\u00e7\u00e3o de rede independente O aplicativo ainda est\u00e1 aberto<br \/>\nO mecanismo de acelera\u00e7\u00e3o de rede NPU pode efetivamente reduzir a carga da CPU &#8220;e processar independentemente<br \/>\no tr\u00e1fego de dados de rede para manter um estado est\u00e1vel quando v\u00e1rios aplicativos est\u00e3o online<\/p>\n<p>Design de cubo preto legal Manter excelente desempenho em todos os momentos:<br \/>\nUm bom design de condu\u00e7\u00e3o de calor, convec\u00e7\u00e3o de canal grande e dissipador de calor grande podem efetivamente reduzir<br \/>\na temperatura do chip, permitindo que o sistema mantenha um estado operacional est\u00e1vel em todos os momentos.<\/p>\n<p>4 cobertura de sinal de antennas360-degree oculto:Quatro antenas omni direcionais embutidas para evitar que a coloca\u00e7\u00e3o razo\u00e1vel da antena afete o sinal.<\/p>\n<p>Rede de malha cobrindo toda a casa Roaming sem costura, mais acesso gratuito \u00e0 Internet:A tecnologia Xiaomi Mesh permite que v\u00e1rios roteadores formem uma rede Power fulMesh.<\/p>\n<p>256MB grande memory Conex\u00e3o est\u00e1vel para 128 dispositivos<\/p>\n<p>Acelera\u00e7\u00e3o exclusiva do celular Xiaomi * Jogue com baixa lat\u00eancia e atualize o poder de combate: O Mi Router AX3000 pode identificar inteligentemente seu celular Mi\/Redmi para abrir canais de acelera\u00e7\u00e3o<br \/>\nexclusivos para voc\u00ea na cena do jogo. Reduza atrasos no jogo e relate um campo de batalha de jogo mais amplo.<\/p>\n<p>Please Note:1. este roteador \u00e9 com Chinese firmware. Ele apenas apoie conectando-se \u00e0 \u00e1rea de servi\u00e7o Miia Appwing \u00e9 a China continental. A vers\u00e3o chinesa e a vers\u00e3o global n\u00e3o podem ser usadas no mesmo servi\u00e7o.<\/p>\n","protected":false},"excerpt":{"rendered":"<p>Informa\u00e7\u00f5es Gerais Gigabit Amplificador :Aumente sua velocidade de internet com o amplificador gigabit que fornece conex\u00f5es mais r\u00e1pidas e est\u00e1veis. 5GHz Mijia Aplicativo :Conecte-se facilmente ao seu roteador com o aplicativo Mijia que permite controlar suas configura\u00e7\u00f5es de internet de &hellip; <a href=\"https:\/\/mistersates-import.com.br\/loja\/product\/roteador-repetidor-wi-fi-6-mesh-xiaomi-mi-ax3000-versao-chinesa\/\">Readmore<\/a><\/p>\n","protected":false},"featured_media":18429,"template":"","meta":{"_joinchat":[]},"_links":{"self":[{"href":"https:\/\/mistersates-import.com.br\/loja\/wp-json\/wp\/v2\/product\/18428"}],"collection":[{"href":"https:\/\/mistersates-import.com.br\/loja\/wp-json\/wp\/v2\/product"}],"about":[{"href":"https:\/\/mistersates-import.com.br\/loja\/wp-json\/wp\/v2\/types\/product"}],"wp:featuredmedia":[{"embeddable":true,"href":"https:\/\/mistersates-import.com.br\/loja\/wp-json\/wp\/v2\/media\/18429"}],"wp:attachment":[{"href":"https:\/\/mistersates-import.com.br\/loja\/wp-json\/wp\/v2\/media?parent=18428"}],"curies":[{"name":"wp","href":"https:\/\/api.w.org\/{rel}","templated":true}]}}