{"id":18438,"date":"2024-06-14T10:11:18","date_gmt":"2024-06-14T13:11:18","guid":{"rendered":"https:\/\/mistersates-import.com.br\/loja\/?post_type=product&#038;p=18438"},"modified":"2024-06-28T11:43:38","modified_gmt":"2024-06-28T14:43:38","slug":"interruptor-ventilador-touch-tuya-alexa-google-home-smart-life-wifi","status":"publish","type":"product","link":"https:\/\/mistersates-import.com.br\/loja\/product\/interruptor-ventilador-touch-tuya-alexa-google-home-smart-life-wifi\/","title":{"rendered":"Interruptor VENTILADOR Touch TUYA ALEXA GOOGLE HOME SMART LIFE Wifi"},"content":{"rendered":"<p>Informa\u00e7\u00f5es Gerais<\/p>\n<p>ESPECIFICA\u00c7\u00c3O<\/p>\n<p>Conex\u00e3o wireless: wifi 2.4Ghz<br \/>\nAPP: Tuya\/vida inteligente<br \/>\nControle de voz: Alexa, Google Home<br \/>\nConfigura\u00e7\u00e3o do temporizador: controle do temporizador do ajuste do APP, ajuste remoto aberto e fechado<br \/>\nControle claro do fundo: APP ajustado para abrir ou fechar a luz do fundo.<br \/>\nApoio: mem\u00f3ria do rel\u00e9<br \/>\nShell: Material do PC<br \/>\nInstala\u00e7\u00e3o: Fio neutro exigido<br \/>\nPot\u00eancia m\u00e1xima do ventilador: 400W<br \/>\nPot\u00eancia m\u00e1xima da l\u00e2mpada: 2000W<br \/>\nTens\u00e3o de funcionamento: 100V-240V<br \/>\nTamanho: 120*72*32mm<\/p>\n<p>Smart Life\/Controle Remoto Tuya APP<br \/>\nControle remotamente seus interruptores onde voc\u00ea est\u00e1, mesmo quando estiver fora, abra o aplicativo do telefone de chamada, verifique o status da luz do ventilador a qualquer hora, em qualquer lugar, controle-a remotamente para desligar ou ligar.<\/p>\n<p>Controle de voz m\u00e3os livres<br \/>\nM\u00e3os livres via controle de voz f\u00e1cil com Alexa e Google Assistant.<br \/>\nPor exemplo, Alexa abrir o ventilador. Alexa ligar a luz.<\/p>\n<p>Fun\u00e7\u00e3o do temporizador<br \/>\nApoie a programa\u00e7\u00e3o do temporizador que estabelece at\u00e9 o tempo 30. Repita diariamente ou semanalmente.<\/p>\n<p>Pode ajustar a velocidade (baixa, m\u00e9dia, alta)<\/p>\n<p>Fun\u00e7\u00e3o bloqueio infantil<br \/>\nN\u00e3o tem mais medo de crian\u00e7as tocando aleatoriamente o interruptor.<\/p>\n<p>Introdu\u00e7\u00e3o do bot\u00e3o<br \/>\nSegure o bot\u00e3o intermedi\u00e1rio do \u00edcone do ventilador para 15S at\u00e9 que o indicador esteja piscando lentamente, fa\u00e7a opera\u00e7\u00f5es de configura\u00e7\u00e3o de acordo com as diretrizes do APP<\/p>\n<p>Painel luxuoso do vidro<br \/>\nResistente \u00e0 deforma\u00e7\u00e3o e desbotamento, f\u00e1cil de manter e limpar<\/p>\n","protected":false},"excerpt":{"rendered":"<p>Informa\u00e7\u00f5es Gerais ESPECIFICA\u00c7\u00c3O Conex\u00e3o wireless: wifi 2.4Ghz APP: Tuya\/vida inteligente Controle de voz: Alexa, Google Home Configura\u00e7\u00e3o do temporizador: controle do temporizador do ajuste do APP, ajuste remoto aberto e fechado Controle claro do fundo: APP ajustado para abrir ou &hellip; <a href=\"https:\/\/mistersates-import.com.br\/loja\/product\/interruptor-ventilador-touch-tuya-alexa-google-home-smart-life-wifi\/\">Readmore<\/a><\/p>\n","protected":false},"featured_media":18439,"template":"","meta":{"_joinchat":[]},"_links":{"self":[{"href":"https:\/\/mistersates-import.com.br\/loja\/wp-json\/wp\/v2\/product\/18438"}],"collection":[{"href":"https:\/\/mistersates-import.com.br\/loja\/wp-json\/wp\/v2\/product"}],"about":[{"href":"https:\/\/mistersates-import.com.br\/loja\/wp-json\/wp\/v2\/types\/product"}],"wp:featuredmedia":[{"embeddable":true,"href":"https:\/\/mistersates-import.com.br\/loja\/wp-json\/wp\/v2\/media\/18439"}],"wp:attachment":[{"href":"https:\/\/mistersates-import.com.br\/loja\/wp-json\/wp\/v2\/media?parent=18438"}],"curies":[{"name":"wp","href":"https:\/\/api.w.org\/{rel}","templated":true}]}}