{"id":18448,"date":"2024-06-15T12:07:28","date_gmt":"2024-06-15T15:07:28","guid":{"rendered":"https:\/\/mistersates-import.com.br\/loja\/?post_type=product&#038;p=18448"},"modified":"2025-03-10T12:42:12","modified_gmt":"2025-03-10T15:42:12","slug":"suporte-capacete-moto-camera-celular-queixo","status":"publish","type":"product","link":"https:\/\/mistersates-import.com.br\/loja\/product\/suporte-capacete-moto-camera-celular-queixo\/","title":{"rendered":"Suporte Capacete Moto C\u00e2mera Celular Queixo"},"content":{"rendered":"<p>Informa\u00e7\u00f5es Gerais<\/p>\n<p>Ciclismo suporte do queixo do telefone celular, esportes acess\u00f3rios da c\u00e2mera, ciclismo tiro fixo, motocicleta integrada capacete cinta<\/p>\n<p>Modelos aplic\u00e1veis: a\u00e7\u00e3o c\u00e2mera\/celular<\/p>\n<p>Materiais: PP\/TPE\/PA<\/p>\n<p>Acess\u00f3rios: suporte do queixo + adaptador + parafuso + grampo do telefone m\u00f3vel<\/p>\n<p>Tamanho do produto: 6x14x20cm<\/p>\n","protected":false},"excerpt":{"rendered":"<p>Informa\u00e7\u00f5es Gerais Ciclismo suporte do queixo do telefone celular, esportes acess\u00f3rios da c\u00e2mera, ciclismo tiro fixo, motocicleta integrada capacete cinta Modelos aplic\u00e1veis: a\u00e7\u00e3o c\u00e2mera\/celular Materiais: PP\/TPE\/PA Acess\u00f3rios: suporte do queixo + adaptador + parafuso + grampo do telefone m\u00f3vel Tamanho &hellip; <a href=\"https:\/\/mistersates-import.com.br\/loja\/product\/suporte-capacete-moto-camera-celular-queixo\/\">Readmore<\/a><\/p>\n","protected":false},"featured_media":18461,"template":"","meta":{"_joinchat":[]},"_links":{"self":[{"href":"https:\/\/mistersates-import.com.br\/loja\/wp-json\/wp\/v2\/product\/18448"}],"collection":[{"href":"https:\/\/mistersates-import.com.br\/loja\/wp-json\/wp\/v2\/product"}],"about":[{"href":"https:\/\/mistersates-import.com.br\/loja\/wp-json\/wp\/v2\/types\/product"}],"wp:featuredmedia":[{"embeddable":true,"href":"https:\/\/mistersates-import.com.br\/loja\/wp-json\/wp\/v2\/media\/18461"}],"wp:attachment":[{"href":"https:\/\/mistersates-import.com.br\/loja\/wp-json\/wp\/v2\/media?parent=18448"}],"curies":[{"name":"wp","href":"https:\/\/api.w.org\/{rel}","templated":true}]}}