{"id":18465,"date":"2024-06-18T12:25:31","date_gmt":"2024-06-18T15:25:31","guid":{"rendered":"https:\/\/mistersates-import.com.br\/loja\/?post_type=product&#038;p=18465"},"modified":"2025-07-23T14:29:15","modified_gmt":"2025-07-23T17:29:15","slug":"kit-com-9-un-para-camera-de-acao-acessorio-gopro","status":"publish","type":"product","link":"https:\/\/mistersates-import.com.br\/loja\/product\/kit-com-9-un-para-camera-de-acao-acessorio-gopro\/","title":{"rendered":"Kit com 9 un  para C\u00e2mera de A\u00e7\u00e3o Acess\u00f3rio Gopro"},"content":{"rendered":"<p>Informa\u00e7\u00f5es Gerais<\/p>\n<p>Acess\u00f3rios Kit para C\u00e2mera de A\u00e7\u00e3o Acess\u00f3rio Quick Release Buckle Trip\u00e9 Mount para Gopro Hero 11 10 9 8 7 6 5 4 3 Conjunto Preto<\/p>\n<p>&nbsp;<\/p>\n<p>Caracter\u00edstica<\/p>\n<p>&nbsp;<\/p>\n<p>Estas fivela Clip montagens s\u00e3o perfeitas para anexar sua c\u00e2mera a um cinto de peito, capacete ou montagem adesiva<br \/>\nMaterial: Pl\u00e1stico ABS<br \/>\nPeso: aproximadamente 9.5g<br \/>\nCompat\u00edvel com Gopro Hero 11 10 9 8 7 6 5 4 3 + 3 2 1 her\u00f3i (2018) Camera SJ4000 SJ5000 SJ6 SJ7 SJ8 SJ9 Series<br \/>\nSobre a libera\u00e7\u00e3o r\u00e1pida Buckle Base<br \/>\nTrabalhar em Monopod Handhold Stick Mount, Windshield Suction Cup e assim por diante<br \/>\nMaterial: Pl\u00e1stico ABS<\/p>\n<p>Sobre o adaptador do trip\u00e9<br \/>\nA montagem J-Hook permite que voc\u00ea conecte sua c\u00e2mera a um Chicote de Peito ou Capacete Adesivo<br \/>\nFeito de policarbonato de alta qualidade<br \/>\nSeu design significa que a c\u00e2mera est\u00e1 mais longe do ponto de montagem, permitindo que \u00e2ngulos adicionais sejam alcan\u00e7ados durante a filmagem.<br \/>\nOpera\u00e7\u00e3o f\u00e1cil, f\u00e1cil de instalar e remover<\/p>\n<p>Sobre montagem fivela J-gancho<br \/>\nAlta qualidade padr\u00e3o longo parafuso com tampa<br \/>\nMaterial: Pl\u00e1stico ABS, Metal<\/p>\n<p>Sobre o parafuso longo<br \/>\nAlta qualidade padr\u00e3o longo parafuso com tampa<br \/>\nMaterial: Pl\u00e1stico ABS, Metal<\/p>\n<p>Compat\u00edvel:<br \/>\nPara Gopro 11 10 9 8 7 6 5 5S 4S 4 3 + 3 2 1 para SJCAM SJ4000 SJ5000 SJ6000 SJ7000 M10 M20 SJ6 SJ7 SJ8 SJ9 SJ10 S\u00e9rie para xiaomi yi xiaomi 4K para EKEN H8 H8R H9 h9R W9 Compat\u00edvel com todos os tipos de movimento de c\u00e2mera da c\u00e2mera caixa de prote\u00e7\u00e3o<\/p>\n<p>Pacote inclui<br \/>\nComo sua escolha para a foto SKU.<\/p>\n<p>&nbsp;<\/p>\n<p>XMV6614A:<\/p>\n<p>2 * base do J-gancho<br \/>\nAdaptador do trip\u00e9 2 *<br \/>\n2 * libera\u00e7\u00e3o r\u00e1pida fivela Base<br \/>\n1 * parafuso<br \/>\nAdaptador 2 *<\/p>\n","protected":false},"excerpt":{"rendered":"<p>Informa\u00e7\u00f5es Gerais Acess\u00f3rios Kit para C\u00e2mera de A\u00e7\u00e3o Acess\u00f3rio Quick Release Buckle Trip\u00e9 Mount para Gopro Hero 11 10 9 8 7 6 5 4 3 Conjunto Preto &nbsp; Caracter\u00edstica &nbsp; Estas fivela Clip montagens s\u00e3o perfeitas para anexar sua &hellip; <a href=\"https:\/\/mistersates-import.com.br\/loja\/product\/kit-com-9-un-para-camera-de-acao-acessorio-gopro\/\">Readmore<\/a><\/p>\n","protected":false},"featured_media":18466,"template":"","meta":{"_joinchat":[]},"_links":{"self":[{"href":"https:\/\/mistersates-import.com.br\/loja\/wp-json\/wp\/v2\/product\/18465"}],"collection":[{"href":"https:\/\/mistersates-import.com.br\/loja\/wp-json\/wp\/v2\/product"}],"about":[{"href":"https:\/\/mistersates-import.com.br\/loja\/wp-json\/wp\/v2\/types\/product"}],"wp:featuredmedia":[{"embeddable":true,"href":"https:\/\/mistersates-import.com.br\/loja\/wp-json\/wp\/v2\/media\/18466"}],"wp:attachment":[{"href":"https:\/\/mistersates-import.com.br\/loja\/wp-json\/wp\/v2\/media?parent=18465"}],"curies":[{"name":"wp","href":"https:\/\/api.w.org\/{rel}","templated":true}]}}