{"id":18473,"date":"2024-06-18T19:30:12","date_gmt":"2024-06-18T22:30:12","guid":{"rendered":"https:\/\/mistersates-import.com.br\/loja\/?post_type=product&#038;p=18473"},"modified":"2026-01-27T11:31:14","modified_gmt":"2026-01-27T14:31:14","slug":"kit-montagem-para-capacete-com-fivela-de-gancho-j-base","status":"publish","type":"product","link":"https:\/\/mistersates-import.com.br\/loja\/product\/kit-montagem-para-capacete-com-fivela-de-gancho-j-base\/","title":{"rendered":"Kit Montagem Para capacete com fivela de gancho, J Base"},"content":{"rendered":"<p>DESCRI\u00c7\u00c3O DO ITEM<\/p>\n<p>Outdoor c\u00e2mera acess\u00f3rios s\u00e3o amplamente utilizados para peito\/capacete\/bicicleta\/placa\/carro\/monop\u00e9\/temporizador.<\/p>\n<p>O acess\u00f3rio de montagem de c\u00e2mera 1\/4 thread \u00e9 adequado para GoPro Hero 6\/5\/4\/3 + \/ 3\/2\/1 \/ Session e todas as c\u00e2meras regulares.<\/p>\n<p>A robusta curva de liga\u00e7\u00e3o 3M e a fivela de montagem plana a tornam ideal para ciclismo, esqui, superf\u00edcie, mountain bike, motocross, caminhadas e outros esportes ou atividades ao ar livre.<\/p>\n<p>A montagem ajuda a conectar sua GoPro a outros dispositivos, mantendo sua c\u00e2mera compacta e est\u00e1vel para momentos ainda mais emocionantes.<\/p>\n<p>O kit inclui suporte curva adesiva 1X; 1X ligado suporte plano; 2X parafuso polegar; 1X 1\/4 rosca; 1X J-gancho fivela montagem; 1X fivela de libera\u00e7\u00e3o.<\/p>\n","protected":false},"excerpt":{"rendered":"<p>DESCRI\u00c7\u00c3O DO ITEM Outdoor c\u00e2mera acess\u00f3rios s\u00e3o amplamente utilizados para peito\/capacete\/bicicleta\/placa\/carro\/monop\u00e9\/temporizador. O acess\u00f3rio de montagem de c\u00e2mera 1\/4 thread \u00e9 adequado para GoPro Hero 6\/5\/4\/3 + \/ 3\/2\/1 \/ Session e todas as c\u00e2meras regulares. A robusta curva de liga\u00e7\u00e3o &hellip; <a href=\"https:\/\/mistersates-import.com.br\/loja\/product\/kit-montagem-para-capacete-com-fivela-de-gancho-j-base\/\">Readmore<\/a><\/p>\n","protected":false},"featured_media":18474,"template":"","meta":{"_joinchat":[]},"_links":{"self":[{"href":"https:\/\/mistersates-import.com.br\/loja\/wp-json\/wp\/v2\/product\/18473"}],"collection":[{"href":"https:\/\/mistersates-import.com.br\/loja\/wp-json\/wp\/v2\/product"}],"about":[{"href":"https:\/\/mistersates-import.com.br\/loja\/wp-json\/wp\/v2\/types\/product"}],"wp:featuredmedia":[{"embeddable":true,"href":"https:\/\/mistersates-import.com.br\/loja\/wp-json\/wp\/v2\/media\/18474"}],"wp:attachment":[{"href":"https:\/\/mistersates-import.com.br\/loja\/wp-json\/wp\/v2\/media?parent=18473"}],"curies":[{"name":"wp","href":"https:\/\/api.w.org\/{rel}","templated":true}]}}