{"id":18488,"date":"2024-06-21T19:31:19","date_gmt":"2024-06-21T22:31:19","guid":{"rendered":"https:\/\/mistersates-import.com.br\/loja\/?post_type=product&#038;p=18488"},"modified":"2025-01-12T17:28:24","modified_gmt":"2025-01-12T20:28:24","slug":"suporte-de-copo-agua-carro-celular-tablet-ipad","status":"publish","type":"product","link":"https:\/\/mistersates-import.com.br\/loja\/product\/suporte-de-copo-agua-carro-celular-tablet-ipad\/","title":{"rendered":"Suporte De Copo \u00c1gua Carro Celular Tablet Ipad"},"content":{"rendered":"<p>Informa\u00e7\u00f5es Gerais<\/p>\n<p>Informa\u00e7\u00f5es Gerais<\/p>\n<p>Titular do copo do carro Laptop 360 Ajust\u00e1vel Tablet Handle Tilt Bar Titular Tablet Anti-skid Tri\u00e2ngulo Base Laptop Stand Acess\u00f3rios do carro<\/p>\n<p>Par\u00e2metros do produto<\/p>\n<p>-Nome do produto: suporte do copo do carro<\/p>\n<p>-Tamanho: 25*35 cm<\/p>\n<p>-Cor: preto<\/p>\n<p>-Material: pl\u00e1stico<\/p>\n<p>-Tamanho aplic\u00e1vel do suporte do copo: 3.5-3.9 polegadas.<\/p>\n<p>-Tablet celular aplic\u00e1vel: 4,3-8,6 polegadas<\/p>\n<p>-Peso do produto: 300 gramas<\/p>\n<p>Pacote inclu\u00eddo:<\/p>\n<p>-Suporte do copo do carro = 1<\/p>\n<p>NOTADO:<\/p>\n<p>-Por favor, aguarde 1-5cm erros para a dimens\u00e3o real devido \u00e0 medi\u00e7\u00e3o manual! -Obrigado!<\/p>\n<p>-A cor real pode ser ligeiramente diferente das imagens devido \u00e0 resolu\u00e7\u00e3o da tela do computador, brilho, contraste etc.<\/p>\n","protected":false},"excerpt":{"rendered":"<p>Informa\u00e7\u00f5es Gerais Informa\u00e7\u00f5es Gerais Titular do copo do carro Laptop 360 Ajust\u00e1vel Tablet Handle Tilt Bar Titular Tablet Anti-skid Tri\u00e2ngulo Base Laptop Stand Acess\u00f3rios do carro Par\u00e2metros do produto -Nome do produto: suporte do copo do carro -Tamanho: 25*35 cm &hellip; <a href=\"https:\/\/mistersates-import.com.br\/loja\/product\/suporte-de-copo-agua-carro-celular-tablet-ipad\/\">Readmore<\/a><\/p>\n","protected":false},"featured_media":18496,"template":"","meta":{"_joinchat":[]},"_links":{"self":[{"href":"https:\/\/mistersates-import.com.br\/loja\/wp-json\/wp\/v2\/product\/18488"}],"collection":[{"href":"https:\/\/mistersates-import.com.br\/loja\/wp-json\/wp\/v2\/product"}],"about":[{"href":"https:\/\/mistersates-import.com.br\/loja\/wp-json\/wp\/v2\/types\/product"}],"wp:featuredmedia":[{"embeddable":true,"href":"https:\/\/mistersates-import.com.br\/loja\/wp-json\/wp\/v2\/media\/18496"}],"wp:attachment":[{"href":"https:\/\/mistersates-import.com.br\/loja\/wp-json\/wp\/v2\/media?parent=18488"}],"curies":[{"name":"wp","href":"https:\/\/api.w.org\/{rel}","templated":true}]}}