{"id":18511,"date":"2024-07-13T12:30:16","date_gmt":"2024-07-13T15:30:16","guid":{"rendered":"https:\/\/mistersates-import.com.br\/loja\/?post_type=product&#038;p=18511"},"modified":"2024-10-11T16:46:52","modified_gmt":"2024-10-11T19:46:52","slug":"dome-6pol-p-gopro-hero-5-6-7-com-gatilho-fotos-telesin","status":"publish","type":"product","link":"https:\/\/mistersates-import.com.br\/loja\/product\/dome-6pol-p-gopro-hero-5-6-7-com-gatilho-fotos-telesin\/","title":{"rendered":"Dome 6pol P\/ Gopro Hero 5 6 7 Com Gatilho Fotos &#8211; Telesin"},"content":{"rendered":"<p>Caracter\u00edstica<\/p>\n<p>1. Movendo a linha de \u00e1gua longe da lente torna poss\u00edvel capturar imagens acima e abaixo da \u00e1gua simultaneamente.<br \/>\n2. Simplicidade de opera\u00e7\u00e3o, profundidade de campo quase infinita, lente grande angular.<br \/>\n3. Profundidade imperme\u00e1vel at\u00e9 30M, transmit\u00e2ncia de luz \u00e9 at\u00e9 93%.<br \/>\n4. 8 polegadas Light-weight Flutuante Hand Grip w\/ 1\/4 Standard Screw Hole.<br \/>\n5. Super-Confort\u00e1vel TPE Grip, excelente toque macio, antiderrapante e economia de trabalho.<br \/>\n6. Flutuando na \u00e1gua\/uso na terra<br \/>\n7. Equipado com um bot\u00e3o do disparador do obturador para a opera\u00e7\u00e3o r\u00e1pida<br \/>\n8. Hand Grip pode ser desparafusado para revelar um compartimento oco que pode ser usado para adicionar \u00e1gua (para alcan\u00e7ar flutuabilidade neutra debaixo d&#8217;\u00e1gua) ou armazenar itens pequenos.<br \/>\n9. Correia ajust\u00e1vel oferece maior seguran\u00e7a de sua c\u00e2mera a\u00e7\u00e3o<br \/>\n10. Inser\u00e7\u00f5es anti-nevoeiro Impedindo que sua carca\u00e7a da c\u00e2mera emba\u00e7e. Seque naturalmente, reutiliz\u00e1vel.<br \/>\n11.CD Anti-Fingerprint Design: Navega\u00e7\u00e3o especial 316 material de a\u00e7o inoxid\u00e1vel, largura da cabe\u00e7a do bot\u00e3o, proteger sua c\u00e2mera<\/p>\n<p>Lista do pacote<\/p>\n<p>1 x TELESIN Dome Port para GoPro Hero 5 6 7 Preto<br \/>\n1 x TELESIN Flutuante Hand Grip<br \/>\n1x Parafusos<br \/>\n1 x Chave<br \/>\n1 x pano limpo<br \/>\n1 x Dome Bolsa protetora<br \/>\n1 x gatilho do obturador<br \/>\n1x Anti-nevoeiro insere<br \/>\n1x Al\u00e7a De M\u00e3o<br \/>\nInstru\u00e7\u00e3o 1x<\/p>\n","protected":false},"excerpt":{"rendered":"<p>Caracter\u00edstica 1. Movendo a linha de \u00e1gua longe da lente torna poss\u00edvel capturar imagens acima e abaixo da \u00e1gua simultaneamente. 2. Simplicidade de opera\u00e7\u00e3o, profundidade de campo quase infinita, lente grande angular. 3. Profundidade imperme\u00e1vel at\u00e9 30M, transmit\u00e2ncia de luz &hellip; <a href=\"https:\/\/mistersates-import.com.br\/loja\/product\/dome-6pol-p-gopro-hero-5-6-7-com-gatilho-fotos-telesin\/\">Readmore<\/a><\/p>\n","protected":false},"featured_media":18513,"template":"","meta":{"_joinchat":[]},"_links":{"self":[{"href":"https:\/\/mistersates-import.com.br\/loja\/wp-json\/wp\/v2\/product\/18511"}],"collection":[{"href":"https:\/\/mistersates-import.com.br\/loja\/wp-json\/wp\/v2\/product"}],"about":[{"href":"https:\/\/mistersates-import.com.br\/loja\/wp-json\/wp\/v2\/types\/product"}],"wp:featuredmedia":[{"embeddable":true,"href":"https:\/\/mistersates-import.com.br\/loja\/wp-json\/wp\/v2\/media\/18513"}],"wp:attachment":[{"href":"https:\/\/mistersates-import.com.br\/loja\/wp-json\/wp\/v2\/media?parent=18511"}],"curies":[{"name":"wp","href":"https:\/\/api.w.org\/{rel}","templated":true}]}}