{"id":18528,"date":"2024-12-16T12:56:14","date_gmt":"2024-12-16T15:56:14","guid":{"rendered":"https:\/\/mistersates-import.com.br\/loja\/?post_type=product&#038;p=18528"},"modified":"2026-01-26T16:41:20","modified_gmt":"2026-01-26T19:41:20","slug":"cabo-de-carregamento-silicone-liquido-usb-v8-super-rapido-120w","status":"publish","type":"product","link":"https:\/\/mistersates-import.com.br\/loja\/product\/cabo-de-carregamento-silicone-liquido-usb-v8-super-rapido-120w\/","title":{"rendered":"Cabo de Carregamento Silicone l\u00edquido USB V8 Super R\u00e1pido 120W"},"content":{"rendered":"<p>Descri\u00e7\u00e3o<\/p>\n<p>\u2022 120w carregamento r\u00e1pido:Carregue o seu dispositivo rapidamente com uma corrente m\u00e1xima de 6A e conector MICRO USB V8.<\/p>\n<p>\u2022 180 Rotating Ultra Fast Charging Line:O design rotativo de 180 graus permite um carregamento f\u00e1cil e conveniente em qualquer dire\u00e7\u00e3o.<\/p>\n<p>\u2022 Silicone alongado:O silicone alongado proporciona prote\u00e7\u00e3o extra e durabilidade ao cabo de carregamento.<\/p>\n<p>\u2022 Compat\u00edvel com v\u00e1rios dispositivos:Esta linha de carregamento \u00e9 compat\u00edvel com dispositivos Huawei, Samsung e Millet, tornando-se uma op\u00e7\u00e3o vers\u00e1til para todas as suas necessidades de carregamento.<\/p>\n<p>Mercadoria Descri\u00e7\u00e3o<\/p>\n<p>Cor: azul, laranja, preto<br \/>\nComprimento do cabo: 2.0 m<br \/>\nPot\u00eancia: 120W (m\u00e1ximo)<br \/>\nCorrente: 6A<br \/>\nMaterial: alta qualidade silicone l\u00edquido + zinco liga<br \/>\nFun\u00e7\u00e3o: Carregamento r\u00e1pidol<br \/>\nN\u00c3O SERVE PARA TRANSFERENCIA DE DADOS.<br \/>\nNOTA: Para alcan\u00e7ar o efeito de carregamento r\u00e1pido, ele precisa ser usado em conjunto com o adaptador de carregamento r\u00e1pido, e seu dispositivo deve suportar carregamento r\u00e1pido1.<\/p>\n","protected":false},"excerpt":{"rendered":"<p>Descri\u00e7\u00e3o \u2022 120w carregamento r\u00e1pido:Carregue o seu dispositivo rapidamente com uma corrente m\u00e1xima de 6A e conector MICRO USB V8. \u2022 180 Rotating Ultra Fast Charging Line:O design rotativo de 180 graus permite um carregamento f\u00e1cil e conveniente em qualquer &hellip; <a href=\"https:\/\/mistersates-import.com.br\/loja\/product\/cabo-de-carregamento-silicone-liquido-usb-v8-super-rapido-120w\/\">Readmore<\/a><\/p>\n","protected":false},"featured_media":18545,"template":"","meta":{"_joinchat":[]},"_links":{"self":[{"href":"https:\/\/mistersates-import.com.br\/loja\/wp-json\/wp\/v2\/product\/18528"}],"collection":[{"href":"https:\/\/mistersates-import.com.br\/loja\/wp-json\/wp\/v2\/product"}],"about":[{"href":"https:\/\/mistersates-import.com.br\/loja\/wp-json\/wp\/v2\/types\/product"}],"wp:featuredmedia":[{"embeddable":true,"href":"https:\/\/mistersates-import.com.br\/loja\/wp-json\/wp\/v2\/media\/18545"}],"wp:attachment":[{"href":"https:\/\/mistersates-import.com.br\/loja\/wp-json\/wp\/v2\/media?parent=18528"}],"curies":[{"name":"wp","href":"https:\/\/api.w.org\/{rel}","templated":true}]}}