{"id":18535,"date":"2024-12-19T11:48:38","date_gmt":"2024-12-19T14:48:38","guid":{"rendered":"https:\/\/mistersates-import.com.br\/loja\/?post_type=product&#038;p=18535"},"modified":"2025-06-20T17:44:22","modified_gmt":"2025-06-20T20:44:22","slug":"fonte-carregador-tomada-tipo-c-20w-turbo-entrada-usb-c","status":"publish","type":"product","link":"https:\/\/mistersates-import.com.br\/loja\/product\/fonte-carregador-tomada-tipo-c-20w-turbo-entrada-usb-c\/","title":{"rendered":"Fonte Carregador Tomada Tipo C 20w Turbo Entrada Usb C"},"content":{"rendered":"<p>Descri\u00e7\u00e3o<\/p>\n<p>Fonte de carregamento com pot\u00eancia total de 18w, turbo PD 3.0, excelente fonte, ideal para os novos modelos de Iphone 12, Samsung S20, Note 20 entre outros.<\/p>\n<p>ESPECIFICA\u00c7\u00d5ES:<\/p>\n<p>Modelo: PD01<br \/>\nCarregamento Turbo PD 3.0<br \/>\n1 porta USB-C Quick Charge 3.0<br \/>\nSaida Quick Charge 3.0<br \/>\nDC 5V\/3A<br \/>\nDC 9V\/2A<br \/>\nDC 12V\/1.5A<br \/>\nEntrada: DC 100-240V ~ 50\/60Hz 0.8A max<br \/>\nPot\u00eancia total: 18W<\/p>\n","protected":false},"excerpt":{"rendered":"<p>Descri\u00e7\u00e3o Fonte de carregamento com pot\u00eancia total de 18w, turbo PD 3.0, excelente fonte, ideal para os novos modelos de Iphone 12, Samsung S20, Note 20 entre outros. ESPECIFICA\u00c7\u00d5ES: Modelo: PD01 Carregamento Turbo PD 3.0 1 porta USB-C Quick Charge &hellip; <a href=\"https:\/\/mistersates-import.com.br\/loja\/product\/fonte-carregador-tomada-tipo-c-20w-turbo-entrada-usb-c\/\">Readmore<\/a><\/p>\n","protected":false},"featured_media":18536,"template":"","meta":{"_joinchat":[]},"_links":{"self":[{"href":"https:\/\/mistersates-import.com.br\/loja\/wp-json\/wp\/v2\/product\/18535"}],"collection":[{"href":"https:\/\/mistersates-import.com.br\/loja\/wp-json\/wp\/v2\/product"}],"about":[{"href":"https:\/\/mistersates-import.com.br\/loja\/wp-json\/wp\/v2\/types\/product"}],"wp:featuredmedia":[{"embeddable":true,"href":"https:\/\/mistersates-import.com.br\/loja\/wp-json\/wp\/v2\/media\/18536"}],"wp:attachment":[{"href":"https:\/\/mistersates-import.com.br\/loja\/wp-json\/wp\/v2\/media?parent=18535"}],"curies":[{"name":"wp","href":"https:\/\/api.w.org\/{rel}","templated":true}]}}