{"id":18572,"date":"2025-07-29T12:41:03","date_gmt":"2025-07-29T15:41:03","guid":{"rendered":"https:\/\/mistersates-import.com.br\/loja\/?post_type=product&#038;p=18572"},"modified":"2025-11-11T13:27:26","modified_gmt":"2025-11-11T16:27:26","slug":"pistola-de-cola-hot-melt-sem-fio-280-c-portatil-recarregavel-com-2-baterias","status":"publish","type":"product","link":"https:\/\/mistersates-import.com.br\/loja\/product\/pistola-de-cola-hot-melt-sem-fio-280-c-portatil-recarregavel-com-2-baterias\/","title":{"rendered":"Pistola de Cola Hot Melt sem fio, 280 \u00b0C, port\u00e1til, recarreg\u00e1vel com 2 baterias"},"content":{"rendered":"<p>Especifica\u00e7\u00f5es:<\/p>\n<p>Nome: Pistola de cola quente el\u00e9trica<br \/>\nPot\u00eancia: 100 W<br \/>\nMaterial: Pl\u00e1stico + Metal<br \/>\nMaterial do bico: Cobre<br \/>\nDi\u00e2metro do bast\u00e3o de cola: 11 mm<br \/>\nAcess\u00f3rios: 10 pe\u00e7as de bast\u00f5es de cola<br \/>\nTemperatura m\u00e1xima: 280 ?<\/p>\n<p>Bateria de l\u00edtio 88VF<br \/>\nTens\u00e3o da bateria: 18-21 V MAX<br \/>\nCapacidade da bateria: 7500 mAh (1500 mAh * 5)<br \/>\nC\u00e9lula da bateria: 5 se\u00e7\u00f5es (1 c\u00e9lula de bateria 1500 mAh)<br \/>\n5 baterias de l\u00edtio, bateria de longa dura\u00e7\u00e3o.<\/p>\n<p>Caracter\u00edsticas:<\/p>\n<p>&#8211; Bateria de l\u00edtio recarreg\u00e1vel sem fio, compacta e f\u00e1cil de usar.<br \/>\n&#8211; Adota bico de cola de cobre para sa\u00edda de cola suave e cont\u00ednua, dur\u00e1vel e \u00e0 prova de ferrugem, e a manga de prote\u00e7\u00e3o do bico \u00e9 projetada para evitar escaldaduras.<br \/>\n&#8211; Elemento t\u00e9rmico PTV de cer\u00e2mica, aquecendo e alongando o elemento de aquecimento para obter um r\u00e1pido aumento de temperatura, realmente obter um r\u00e1pido aumento de temperatura e realmente obter uma r\u00e1pida libera\u00e7\u00e3o de cola.<br \/>\n&#8211; Dispositivo de gatilho embutido, de acordo com o h\u00e1bito das pessoas ao operar o interruptor.<br \/>\n&#8211; Escolta de chip inteligente, controle de chip embutido, controla a temperatura de aquecimento dentro de uma faixa adequada e coloca o superaquecimento.<br \/>\n&#8211; Ele adota bico de cola de cobre para sa\u00edda de cola suave e cont\u00ednua, dur\u00e1vel e \u00e0 prova de ferrugem, e a luva de prote\u00e7\u00e3o do bico \u00e9 projetada para evitar escaldaduras.<br \/>\n&#8211; Adequado para pl\u00e1sticos, metais, madeira, papel, brinquedos, m\u00f3veis, couro, DIY e outros fins.<\/p>\n<p>1 X Pistola de cola el\u00e9trica 10 X Cola em bast\u00e3o<br \/>\n2 X Bateria<\/p>\n","protected":false},"excerpt":{"rendered":"<p>Especifica\u00e7\u00f5es: Nome: Pistola de cola quente el\u00e9trica Pot\u00eancia: 100 W Material: Pl\u00e1stico + Metal Material do bico: Cobre Di\u00e2metro do bast\u00e3o de cola: 11 mm Acess\u00f3rios: 10 pe\u00e7as de bast\u00f5es de cola Temperatura m\u00e1xima: 280 ? Bateria de l\u00edtio 88VF &hellip; <a href=\"https:\/\/mistersates-import.com.br\/loja\/product\/pistola-de-cola-hot-melt-sem-fio-280-c-portatil-recarregavel-com-2-baterias\/\">Readmore<\/a><\/p>\n","protected":false},"featured_media":18573,"template":"","meta":{"_joinchat":[]},"_links":{"self":[{"href":"https:\/\/mistersates-import.com.br\/loja\/wp-json\/wp\/v2\/product\/18572"}],"collection":[{"href":"https:\/\/mistersates-import.com.br\/loja\/wp-json\/wp\/v2\/product"}],"about":[{"href":"https:\/\/mistersates-import.com.br\/loja\/wp-json\/wp\/v2\/types\/product"}],"wp:featuredmedia":[{"embeddable":true,"href":"https:\/\/mistersates-import.com.br\/loja\/wp-json\/wp\/v2\/media\/18573"}],"wp:attachment":[{"href":"https:\/\/mistersates-import.com.br\/loja\/wp-json\/wp\/v2\/media?parent=18572"}],"curies":[{"name":"wp","href":"https:\/\/api.w.org\/{rel}","templated":true}]}}