{"id":18580,"date":"2025-11-11T12:22:54","date_gmt":"2025-11-11T15:22:54","guid":{"rendered":"https:\/\/mistersates-import.com.br\/loja\/?post_type=product&#038;p=18580"},"modified":"2025-12-03T09:16:29","modified_gmt":"2025-12-03T12:16:29","slug":"base-de-pistola-de-cola-suporte-de-pistola-de-cola-quente","status":"publish","type":"product","link":"https:\/\/mistersates-import.com.br\/loja\/product\/base-de-pistola-de-cola-suporte-de-pistola-de-cola-quente\/","title":{"rendered":"Base de pistola de cola, suporte de pistola de cola quente"},"content":{"rendered":"<p>Descri\u00e7\u00e3o<\/p>\n<p>Caracter\u00edstica:<\/p>\n<p>F\u00e1cil de transportar e f\u00e1cil de usar.<br \/>\nMuito obrigado pelo seu apoio, desejo que voc\u00ea tenha um bom dia!<br \/>\n100% novo e em alta quantidade!!<\/p>\n<p>Dicas amig\u00e1veis:<\/p>\n<p>1.Devido \u00e0 diferen\u00e7a de luz e tela, a cor do produto pode ser ligeiramente diferente das imagens.<br \/>\n2. permita diferen\u00e7as de 0,5-2 cm devido \u00e0 medi\u00e7\u00e3o manual.<br \/>\n3. feito de material premium, dur\u00e1vel para uso a longo prazo.<br \/>\n4. convers\u00e3o: 1 polegada = 2,54 cm, 1 cm = 0,393 polegadas<br \/>\nCor: como mostrado<br \/>\nTamanho: 17*7,5*2cm<br \/>\nPacote: 1 unidade * base<\/p>\n<p>Se voc\u00ea tiver algum coment\u00e1rio, entre em contato conosco a qualquer momento, faremos o nosso melhor para atender a qualquer necessidade<\/p>\n","protected":false},"excerpt":{"rendered":"<p>Descri\u00e7\u00e3o Caracter\u00edstica: F\u00e1cil de transportar e f\u00e1cil de usar. Muito obrigado pelo seu apoio, desejo que voc\u00ea tenha um bom dia! 100% novo e em alta quantidade!! Dicas amig\u00e1veis: 1.Devido \u00e0 diferen\u00e7a de luz e tela, a cor do produto &hellip; <a href=\"https:\/\/mistersates-import.com.br\/loja\/product\/base-de-pistola-de-cola-suporte-de-pistola-de-cola-quente\/\">Readmore<\/a><\/p>\n","protected":false},"featured_media":18581,"template":"","meta":{"_joinchat":[]},"_links":{"self":[{"href":"https:\/\/mistersates-import.com.br\/loja\/wp-json\/wp\/v2\/product\/18580"}],"collection":[{"href":"https:\/\/mistersates-import.com.br\/loja\/wp-json\/wp\/v2\/product"}],"about":[{"href":"https:\/\/mistersates-import.com.br\/loja\/wp-json\/wp\/v2\/types\/product"}],"wp:featuredmedia":[{"embeddable":true,"href":"https:\/\/mistersates-import.com.br\/loja\/wp-json\/wp\/v2\/media\/18581"}],"wp:attachment":[{"href":"https:\/\/mistersates-import.com.br\/loja\/wp-json\/wp\/v2\/media?parent=18580"}],"curies":[{"name":"wp","href":"https:\/\/api.w.org\/{rel}","templated":true}]}}