{"id":18589,"date":"2025-12-18T11:58:29","date_gmt":"2025-12-18T14:58:29","guid":{"rendered":"https:\/\/mistersates-import.com.br\/loja\/?post_type=product&#038;p=18589"},"modified":"2026-01-16T12:11:01","modified_gmt":"2026-01-16T15:11:01","slug":"mascara-de-solda-automatica-escurecimento-fasterr-fst038-cor-din11","status":"publish","type":"product","link":"https:\/\/mistersates-import.com.br\/loja\/product\/mascara-de-solda-automatica-escurecimento-fasterr-fst038-cor-din11\/","title":{"rendered":"M\u00e1scara De Solda Autom\u00e1tica Escurecimento Fasterr Fst038 Cor DIN11"},"content":{"rendered":"<p>Descri\u00e7\u00e3o<\/p>\n<p>Proteja sua vis\u00e3o com efici\u00eancia. A M\u00e1scara de Solda Autom\u00e1tica Fasterr foi desenvolvida para quem n\u00e3o pode correr riscos. Com prote\u00e7\u00e3o UV\/IR permanente e dois sensores que reagem instantaneamente ao arco el\u00e9trico, ela assegura que seus olhos estar\u00e3o sempre resguardados, permitindo que voc\u00ea se concentre apenas na qualidade do seu trabalho.<\/p>\n<p>CARACTER\u00cdSTICAS<\/p>\n<p>Tecnologia de Escurecimento Autom\u00e1tico: A lente escurece instantaneamente ao detectar o arco de solda, protegendo sua vis\u00e3o dos raios nocivos.<\/p>\n<p>Conforto Visual: A Classe \u00d3ptica 1\/1\/1\/2 asseguram uma imagem de soldagem extremamente n\u00edtida e sem distor\u00e7\u00f5es, reduzindo a fadiga visual e permitindo trabalhos mais precisos.<\/p>\n<p>Autonomia e Praticidade: A fonte de alimenta\u00e7\u00e3o dupla, por c\u00e9lulas solares e baterias de l\u00edtio CR2032, proporciona uma longa dura\u00e7\u00e3o da bateria.<\/p>\n<p>DADOS T\u00c9CNICOS:<\/p>\n<p>Tamanho do filtro: 110\u00d790\u00d710mm<br \/>\n\u00c1rea de visualiza\u00e7\u00e3o: 92*29mm<br \/>\nTempo de resposta: 0,1ms<br \/>\nTonalidade: 11 DIN<br \/>\nN\u00famero de sombra clara: DIN 3<br \/>\n2 Sensores ARC<br \/>\nClasse \u00f3ptica: 1\/1\/1\/2<br \/>\nSensor ARC: 2<br \/>\nProte\u00e7\u00e3o UV\/IR: DIN 15 (o tempo todo)<br \/>\nFonte de alimenta\u00e7\u00e3o: c\u00e9lulas solares e baterias de l\u00edtio CR2032<br \/>\nTempo de comuta\u00e7\u00e3o: 1\/10000s do claro ao escuro<br \/>\nTempo de recupera\u00e7\u00e3o: 0,1 ~0,8s<br \/>\nTemperatura operacional: -5\u2103-+55\u2103<br \/>\nTemperatura de armazenamento: -20\u2103-+70\u2103<br \/>\nDimens\u00f5es da Embalagem (LxCxA): 23x23x29cm<br \/>\nPeso: 380g<\/p>\n<p>APLICA\u00c7\u00d5ES:<\/p>\n<p>Esta m\u00e1scara de solda \u00e9 vers\u00e1til e indicada para uma ampla gama de processos de soldagem e atividades correlatas, sendo ideal para:<\/p>\n<p>Soldagem MIG\/MAG e TIG: Garante vis\u00e3o clara para iniciar o arco com precis\u00e3o e acompanhar a po\u00e7a de fus\u00e3o.<\/p>\n<p>Soldagem a Eletrodo Revestido (SMAW): Prote\u00e7\u00e3o confi\u00e1vel para soldagem com eletrodos, mesmo em correntes mais altas.<\/p>\n<p>Importante: Antes de usar, leia atentamente o manual de instru\u00e7\u00f5es da ferramenta.<\/p>\n<p>O produto est\u00e1 em conformidade com os padr\u00f5es internacionais de seguran\u00e7a DIN, ISO, EN e ANSI Z87.1-2003<\/p>\n<p>*As imagens s\u00e3o meramente ilustrativas.<\/p>\n","protected":false},"excerpt":{"rendered":"<p>Descri\u00e7\u00e3o Proteja sua vis\u00e3o com efici\u00eancia. A M\u00e1scara de Solda Autom\u00e1tica Fasterr foi desenvolvida para quem n\u00e3o pode correr riscos. Com prote\u00e7\u00e3o UV\/IR permanente e dois sensores que reagem instantaneamente ao arco el\u00e9trico, ela assegura que seus olhos estar\u00e3o sempre &hellip; <a href=\"https:\/\/mistersates-import.com.br\/loja\/product\/mascara-de-solda-automatica-escurecimento-fasterr-fst038-cor-din11\/\">Readmore<\/a><\/p>\n","protected":false},"featured_media":18590,"template":"","meta":{"_joinchat":[]},"_links":{"self":[{"href":"https:\/\/mistersates-import.com.br\/loja\/wp-json\/wp\/v2\/product\/18589"}],"collection":[{"href":"https:\/\/mistersates-import.com.br\/loja\/wp-json\/wp\/v2\/product"}],"about":[{"href":"https:\/\/mistersates-import.com.br\/loja\/wp-json\/wp\/v2\/types\/product"}],"wp:featuredmedia":[{"embeddable":true,"href":"https:\/\/mistersates-import.com.br\/loja\/wp-json\/wp\/v2\/media\/18590"}],"wp:attachment":[{"href":"https:\/\/mistersates-import.com.br\/loja\/wp-json\/wp\/v2\/media?parent=18589"}],"curies":[{"name":"wp","href":"https:\/\/api.w.org\/{rel}","templated":true}]}}