{"id":18605,"date":"2025-12-18T12:51:26","date_gmt":"2025-12-18T15:51:26","guid":{"rendered":"https:\/\/mistersates-import.com.br\/loja\/?post_type=product&#038;p=18605"},"modified":"2026-01-17T10:27:25","modified_gmt":"2026-01-17T13:27:25","slug":"suporte-monitor-articulado-parede-painel-tv-14-19-22-27-pol-cor-preto","status":"publish","type":"product","link":"https:\/\/mistersates-import.com.br\/loja\/product\/suporte-monitor-articulado-parede-painel-tv-14-19-22-27-pol-cor-preto\/","title":{"rendered":"Suporte Monitor Articulado Parede Painel Tv 14 19 22 27 Pol Cor Preto"},"content":{"rendered":"<p>Descri\u00e7\u00e3o<\/p>\n<p>Suporte de TV Articul\u00e1vel &#8211; Painel LCD LED PDP<\/p>\n<p>Compatibilidade: Para TVs de 14&#8243; a 27&#8243;<br \/>\nConformidade VESA: 50x50mm, 75x75mm, 100x100mm<br \/>\nCapacidade de Carga: Suporta at\u00e9 22 libras (10 kg)<\/p>\n<p>Inclina\u00e7\u00e3o: \u00c2ngulo ajust\u00e1vel de 30\u00b0 para cima e para baixo<br \/>\nRota\u00e7\u00e3o: Movimento de 180\u00b0 para a esquerda e direita<br \/>\nComprimento do Bra\u00e7o: 300 mm<br \/>\nPeso do Suporte: 0,6 kg<\/p>\n<p>Ideal para ajustar sua TV \u00e0 posi\u00e7\u00e3o de visualiza\u00e7\u00e3o perfeita, com leveza e seguran\u00e7a.<\/p>\n","protected":false},"excerpt":{"rendered":"<p>Descri\u00e7\u00e3o Suporte de TV Articul\u00e1vel &#8211; Painel LCD LED PDP Compatibilidade: Para TVs de 14&#8243; a 27&#8243; Conformidade VESA: 50x50mm, 75x75mm, 100x100mm Capacidade de Carga: Suporta at\u00e9 22 libras (10 kg) Inclina\u00e7\u00e3o: \u00c2ngulo ajust\u00e1vel de 30\u00b0 para cima e para &hellip; <a href=\"https:\/\/mistersates-import.com.br\/loja\/product\/suporte-monitor-articulado-parede-painel-tv-14-19-22-27-pol-cor-preto\/\">Readmore<\/a><\/p>\n","protected":false},"featured_media":18609,"template":"","meta":{"_joinchat":[]},"_links":{"self":[{"href":"https:\/\/mistersates-import.com.br\/loja\/wp-json\/wp\/v2\/product\/18605"}],"collection":[{"href":"https:\/\/mistersates-import.com.br\/loja\/wp-json\/wp\/v2\/product"}],"about":[{"href":"https:\/\/mistersates-import.com.br\/loja\/wp-json\/wp\/v2\/types\/product"}],"wp:featuredmedia":[{"embeddable":true,"href":"https:\/\/mistersates-import.com.br\/loja\/wp-json\/wp\/v2\/media\/18609"}],"wp:attachment":[{"href":"https:\/\/mistersates-import.com.br\/loja\/wp-json\/wp\/v2\/media?parent=18605"}],"curies":[{"name":"wp","href":"https:\/\/api.w.org\/{rel}","templated":true}]}}